{"id":886,"date":"2022-04-25T10:46:25","date_gmt":"2022-04-25T10:46:25","guid":{"rendered":"https:\/\/maison-templar.com\/?page_id=886"},"modified":"2022-04-25T10:53:43","modified_gmt":"2022-04-25T10:53:43","slug":"ayrton-senna-pole-position","status":"publish","type":"page","link":"https:\/\/maison-templar.com\/en\/ayrton-senna-pole-position\/","title":{"rendered":"Ayrton Senna, Pole Position"},"content":{"rendered":"","protected":false},"excerpt":{"rendered":"","protected":false},"author":2,"featured_media":311,"parent":0,"menu_order":0,"comment_status":"closed","ping_status":"closed","template":"","meta":{"_monsterinsights_skip_tracking":false,"_monsterinsights_sitenote_active":false,"_monsterinsights_sitenote_note":"","_monsterinsights_sitenote_category":0,"footnotes":""},"class_list":["post-886","page","type-page","status-publish","has-post-thumbnail","czr-hentry"],"yoast_head":"<!-- This site is optimized with the Yoast SEO plugin v27.3 - https:\/\/yoast.com\/product\/yoast-seo-wordpress\/ -->\n<title>Ayrton Senna, Pole Position &#8226; Maison Templar<\/title>\n<meta name=\"description\" content=\"Article &quot;Ayrton Senna, Pole Position&quot; r\u00e9dig\u00e9 par Fr\u00e9d\u00e9ric Lecomte-Dieu pour le magazine Premium Luxembourg\" \/>\n<meta name=\"robots\" content=\"index, follow, max-snippet:-1, max-image-preview:large, max-video-preview:-1\" \/>\n<link rel=\"canonical\" href=\"https:\/\/maison-templar.com\/en\/ayrton-senna-pole-position\/\" \/>\n<meta property=\"og:locale\" content=\"en_US\" \/>\n<meta property=\"og:type\" content=\"article\" \/>\n<meta property=\"og:title\" content=\"Ayrton Senna, Pole Position &#8226; Maison Templar\" \/>\n<meta property=\"og:description\" content=\"Article &quot;Ayrton Senna, Pole Position&quot; r\u00e9dig\u00e9 par Fr\u00e9d\u00e9ric Lecomte-Dieu pour le magazine Premium Luxembourg\" \/>\n<meta property=\"og:url\" content=\"https:\/\/maison-templar.com\/en\/ayrton-senna-pole-position\/\" \/>\n<meta property=\"og:site_name\" content=\"Maison Templar\" \/>\n<meta property=\"article:publisher\" content=\"https:\/\/www.facebook.com\/Maison-Templar-103328858940286\" \/>\n<meta property=\"article:modified_time\" content=\"2022-04-25T10:53:43+00:00\" \/>\n<meta property=\"og:image\" content=\"https:\/\/maison-templar.com\/wp-content\/uploads\/2022\/03\/Photographies-Ayrton-Senna.jpeg\" \/>\n\t<meta property=\"og:image:width\" content=\"600\" \/>\n\t<meta property=\"og:image:height\" content=\"398\" \/>\n\t<meta property=\"og:image:type\" content=\"image\/jpeg\" \/>\n<meta name=\"twitter:card\" content=\"summary_large_image\" \/>\n<script type=\"application\/ld+json\" class=\"yoast-schema-graph\">{\"@context\":\"https:\\\/\\\/schema.org\",\"@graph\":[{\"@type\":[\"Article\",\"BlogPosting\"],\"@id\":\"https:\\\/\\\/maison-templar.com\\\/ayrton-senna-pole-position\\\/#article\",\"isPartOf\":{\"@id\":\"https:\\\/\\\/maison-templar.com\\\/ayrton-senna-pole-position\\\/\"},\"author\":{\"name\":\"Lome\",\"@id\":\"https:\\\/\\\/maison-templar.com\\\/#\\\/schema\\\/person\\\/2c7f286a76d460f6fc3e8fcb76a5b452\"},\"headline\":\"Ayrton Senna, Pole Position\",\"datePublished\":\"2022-04-25T10:46:25+00:00\",\"dateModified\":\"2022-04-25T10:53:43+00:00\",\"mainEntityOfPage\":{\"@id\":\"https:\\\/\\\/maison-templar.com\\\/ayrton-senna-pole-position\\\/\"},\"wordCount\":4,\"publisher\":{\"@id\":\"https:\\\/\\\/maison-templar.com\\\/#organization\"},\"image\":{\"@id\":\"https:\\\/\\\/maison-templar.com\\\/ayrton-senna-pole-position\\\/#primaryimage\"},\"thumbnailUrl\":\"https:\\\/\\\/maison-templar.com\\\/wp-content\\\/uploads\\\/2022\\\/03\\\/Photographies-Ayrton-Senna.jpeg\",\"inLanguage\":\"en-US\"},{\"@type\":[\"WebPage\",\"SearchResultsPage\"],\"@id\":\"https:\\\/\\\/maison-templar.com\\\/ayrton-senna-pole-position\\\/\",\"url\":\"https:\\\/\\\/maison-templar.com\\\/ayrton-senna-pole-position\\\/\",\"name\":\"Ayrton Senna, Pole Position &#8226; Maison Templar\",\"isPartOf\":{\"@id\":\"https:\\\/\\\/maison-templar.com\\\/#website\"},\"primaryImageOfPage\":{\"@id\":\"https:\\\/\\\/maison-templar.com\\\/ayrton-senna-pole-position\\\/#primaryimage\"},\"image\":{\"@id\":\"https:\\\/\\\/maison-templar.com\\\/ayrton-senna-pole-position\\\/#primaryimage\"},\"thumbnailUrl\":\"https:\\\/\\\/maison-templar.com\\\/wp-content\\\/uploads\\\/2022\\\/03\\\/Photographies-Ayrton-Senna.jpeg\",\"datePublished\":\"2022-04-25T10:46:25+00:00\",\"dateModified\":\"2022-04-25T10:53:43+00:00\",\"description\":\"Article \\\"Ayrton Senna, Pole Position\\\" r\u00e9dig\u00e9 par Fr\u00e9d\u00e9ric Lecomte-Dieu pour le magazine Premium Luxembourg\",\"breadcrumb\":{\"@id\":\"https:\\\/\\\/maison-templar.com\\\/ayrton-senna-pole-position\\\/#breadcrumb\"},\"inLanguage\":\"en-US\",\"potentialAction\":[{\"@type\":\"ReadAction\",\"target\":[\"https:\\\/\\\/maison-templar.com\\\/ayrton-senna-pole-position\\\/\"]}]},{\"@type\":\"ImageObject\",\"inLanguage\":\"en-US\",\"@id\":\"https:\\\/\\\/maison-templar.com\\\/ayrton-senna-pole-position\\\/#primaryimage\",\"url\":\"https:\\\/\\\/maison-templar.com\\\/wp-content\\\/uploads\\\/2022\\\/03\\\/Photographies-Ayrton-Senna.jpeg\",\"contentUrl\":\"https:\\\/\\\/maison-templar.com\\\/wp-content\\\/uploads\\\/2022\\\/03\\\/Photographies-Ayrton-Senna.jpeg\",\"width\":600,\"height\":398,\"caption\":\"Photographies de Ayrton Senna par Maison Templar\"},{\"@type\":\"BreadcrumbList\",\"@id\":\"https:\\\/\\\/maison-templar.com\\\/ayrton-senna-pole-position\\\/#breadcrumb\",\"itemListElement\":[{\"@type\":\"ListItem\",\"position\":1,\"name\":\"Accueil\",\"item\":\"https:\\\/\\\/maison-templar.com\\\/\"},{\"@type\":\"ListItem\",\"position\":2,\"name\":\"Ayrton Senna, Pole Position\"}]},{\"@type\":\"WebSite\",\"@id\":\"https:\\\/\\\/maison-templar.com\\\/#website\",\"url\":\"https:\\\/\\\/maison-templar.com\\\/\",\"name\":\"Maison Templar\",\"description\":\"Somptueux coffrets Collector \u00e0 tirage ultra-limit\u00e9s\",\"publisher\":{\"@id\":\"https:\\\/\\\/maison-templar.com\\\/#organization\"},\"potentialAction\":[{\"@type\":\"SearchAction\",\"target\":{\"@type\":\"EntryPoint\",\"urlTemplate\":\"https:\\\/\\\/maison-templar.com\\\/?s={search_term_string}\"},\"query-input\":{\"@type\":\"PropertyValueSpecification\",\"valueRequired\":true,\"valueName\":\"search_term_string\"}}],\"inLanguage\":\"en-US\"},{\"@type\":\"Organization\",\"@id\":\"https:\\\/\\\/maison-templar.com\\\/#organization\",\"name\":\"Maison Templar\",\"url\":\"https:\\\/\\\/maison-templar.com\\\/\",\"logo\":{\"@type\":\"ImageObject\",\"inLanguage\":\"en-US\",\"@id\":\"https:\\\/\\\/maison-templar.com\\\/#\\\/schema\\\/logo\\\/image\\\/\",\"url\":\"https:\\\/\\\/maison-templar.com\\\/wp-content\\\/uploads\\\/2022\\\/03\\\/Logo-Maison-Templar-Noir.png\",\"contentUrl\":\"https:\\\/\\\/maison-templar.com\\\/wp-content\\\/uploads\\\/2022\\\/03\\\/Logo-Maison-Templar-Noir.png\",\"width\":2020,\"height\":340,\"caption\":\"Maison Templar\"},\"image\":{\"@id\":\"https:\\\/\\\/maison-templar.com\\\/#\\\/schema\\\/logo\\\/image\\\/\"},\"sameAs\":[\"https:\\\/\\\/www.facebook.com\\\/Maison-Templar-103328858940286\",\"https:\\\/\\\/www.instagram.com\\\/maison_templar_\\\/\",\"https:\\\/\\\/www.linkedin.com\\\/company\\\/maison-templar-presse\\\/about\\\/\"]},{\"@type\":\"Person\",\"@id\":\"https:\\\/\\\/maison-templar.com\\\/#\\\/schema\\\/person\\\/2c7f286a76d460f6fc3e8fcb76a5b452\",\"name\":\"Lome\",\"image\":{\"@type\":\"ImageObject\",\"inLanguage\":\"en-US\",\"@id\":\"https:\\\/\\\/secure.gravatar.com\\\/avatar\\\/2a43d58353832eaa91ee17464f34c3547b2ebb4b0b7cb746818f0639f8eab361?s=96&d=mm&r=g\",\"url\":\"https:\\\/\\\/secure.gravatar.com\\\/avatar\\\/2a43d58353832eaa91ee17464f34c3547b2ebb4b0b7cb746818f0639f8eab361?s=96&d=mm&r=g\",\"contentUrl\":\"https:\\\/\\\/secure.gravatar.com\\\/avatar\\\/2a43d58353832eaa91ee17464f34c3547b2ebb4b0b7cb746818f0639f8eab361?s=96&d=mm&r=g\",\"caption\":\"Lome\"},\"url\":\"https:\\\/\\\/maison-templar.com\\\/en\\\/author\\\/lome\\\/\"}]}<\/script>\n<!-- \/ Yoast SEO plugin. -->","yoast_head_json":{"title":"Ayrton Senna, Pole Position - Templar House","description":"Article \"Ayrton Senna, Pole Position\" written by Fr\u00e9d\u00e9ric Lecomte-Dieu for Premium Luxembourg magazine","robots":{"index":"index","follow":"follow","max-snippet":"max-snippet:-1","max-image-preview":"max-image-preview:large","max-video-preview":"max-video-preview:-1"},"canonical":"https:\/\/maison-templar.com\/en\/ayrton-senna-pole-position\/","og_locale":"en_US","og_type":"article","og_title":"Ayrton Senna, Pole Position &#8226; Maison Templar","og_description":"Article \"Ayrton Senna, Pole Position\" r\u00e9dig\u00e9 par Fr\u00e9d\u00e9ric Lecomte-Dieu pour le magazine Premium Luxembourg","og_url":"https:\/\/maison-templar.com\/en\/ayrton-senna-pole-position\/","og_site_name":"Maison Templar","article_publisher":"https:\/\/www.facebook.com\/Maison-Templar-103328858940286","article_modified_time":"2022-04-25T10:53:43+00:00","og_image":[{"width":600,"height":398,"url":"https:\/\/maison-templar.com\/wp-content\/uploads\/2022\/03\/Photographies-Ayrton-Senna.jpeg","type":"image\/jpeg"}],"twitter_card":"summary_large_image","schema":{"@context":"https:\/\/schema.org","@graph":[{"@type":["Article","BlogPosting"],"@id":"https:\/\/maison-templar.com\/ayrton-senna-pole-position\/#article","isPartOf":{"@id":"https:\/\/maison-templar.com\/ayrton-senna-pole-position\/"},"author":{"name":"Lome","@id":"https:\/\/maison-templar.com\/#\/schema\/person\/2c7f286a76d460f6fc3e8fcb76a5b452"},"headline":"Ayrton Senna, Pole Position","datePublished":"2022-04-25T10:46:25+00:00","dateModified":"2022-04-25T10:53:43+00:00","mainEntityOfPage":{"@id":"https:\/\/maison-templar.com\/ayrton-senna-pole-position\/"},"wordCount":4,"publisher":{"@id":"https:\/\/maison-templar.com\/#organization"},"image":{"@id":"https:\/\/maison-templar.com\/ayrton-senna-pole-position\/#primaryimage"},"thumbnailUrl":"https:\/\/maison-templar.com\/wp-content\/uploads\/2022\/03\/Photographies-Ayrton-Senna.jpeg","inLanguage":"en-US"},{"@type":["WebPage","SearchResultsPage"],"@id":"https:\/\/maison-templar.com\/ayrton-senna-pole-position\/","url":"https:\/\/maison-templar.com\/ayrton-senna-pole-position\/","name":"Ayrton Senna, Pole Position - Templar House","isPartOf":{"@id":"https:\/\/maison-templar.com\/#website"},"primaryImageOfPage":{"@id":"https:\/\/maison-templar.com\/ayrton-senna-pole-position\/#primaryimage"},"image":{"@id":"https:\/\/maison-templar.com\/ayrton-senna-pole-position\/#primaryimage"},"thumbnailUrl":"https:\/\/maison-templar.com\/wp-content\/uploads\/2022\/03\/Photographies-Ayrton-Senna.jpeg","datePublished":"2022-04-25T10:46:25+00:00","dateModified":"2022-04-25T10:53:43+00:00","description":"Article \"Ayrton Senna, Pole Position\" written by Fr\u00e9d\u00e9ric Lecomte-Dieu for Premium Luxembourg magazine","breadcrumb":{"@id":"https:\/\/maison-templar.com\/ayrton-senna-pole-position\/#breadcrumb"},"inLanguage":"en-US","potentialAction":[{"@type":"ReadAction","target":["https:\/\/maison-templar.com\/ayrton-senna-pole-position\/"]}]},{"@type":"ImageObject","inLanguage":"en-US","@id":"https:\/\/maison-templar.com\/ayrton-senna-pole-position\/#primaryimage","url":"https:\/\/maison-templar.com\/wp-content\/uploads\/2022\/03\/Photographies-Ayrton-Senna.jpeg","contentUrl":"https:\/\/maison-templar.com\/wp-content\/uploads\/2022\/03\/Photographies-Ayrton-Senna.jpeg","width":600,"height":398,"caption":"Photographies de Ayrton Senna par Maison Templar"},{"@type":"BreadcrumbList","@id":"https:\/\/maison-templar.com\/ayrton-senna-pole-position\/#breadcrumb","itemListElement":[{"@type":"ListItem","position":1,"name":"Accueil","item":"https:\/\/maison-templar.com\/"},{"@type":"ListItem","position":2,"name":"Ayrton Senna, Pole Position"}]},{"@type":"WebSite","@id":"https:\/\/maison-templar.com\/#website","url":"https:\/\/maison-templar.com\/","name":"Maison Templar","description":"Sumptuous Collector's Boxes with ultra-limited edition","publisher":{"@id":"https:\/\/maison-templar.com\/#organization"},"potentialAction":[{"@type":"SearchAction","target":{"@type":"EntryPoint","urlTemplate":"https:\/\/maison-templar.com\/?s={search_term_string}"},"query-input":{"@type":"PropertyValueSpecification","valueRequired":true,"valueName":"search_term_string"}}],"inLanguage":"en-US"},{"@type":"Organization","@id":"https:\/\/maison-templar.com\/#organization","name":"Maison Templar","url":"https:\/\/maison-templar.com\/","logo":{"@type":"ImageObject","inLanguage":"en-US","@id":"https:\/\/maison-templar.com\/#\/schema\/logo\/image\/","url":"https:\/\/maison-templar.com\/wp-content\/uploads\/2022\/03\/Logo-Maison-Templar-Noir.png","contentUrl":"https:\/\/maison-templar.com\/wp-content\/uploads\/2022\/03\/Logo-Maison-Templar-Noir.png","width":2020,"height":340,"caption":"Maison Templar"},"image":{"@id":"https:\/\/maison-templar.com\/#\/schema\/logo\/image\/"},"sameAs":["https:\/\/www.facebook.com\/Maison-Templar-103328858940286","https:\/\/www.instagram.com\/maison_templar_\/","https:\/\/www.linkedin.com\/company\/maison-templar-presse\/about\/"]},{"@type":"Person","@id":"https:\/\/maison-templar.com\/#\/schema\/person\/2c7f286a76d460f6fc3e8fcb76a5b452","name":"Lome","image":{"@type":"ImageObject","inLanguage":"en-US","@id":"https:\/\/secure.gravatar.com\/avatar\/2a43d58353832eaa91ee17464f34c3547b2ebb4b0b7cb746818f0639f8eab361?s=96&d=mm&r=g","url":"https:\/\/secure.gravatar.com\/avatar\/2a43d58353832eaa91ee17464f34c3547b2ebb4b0b7cb746818f0639f8eab361?s=96&d=mm&r=g","contentUrl":"https:\/\/secure.gravatar.com\/avatar\/2a43d58353832eaa91ee17464f34c3547b2ebb4b0b7cb746818f0639f8eab361?s=96&d=mm&r=g","caption":"Lome"},"url":"https:\/\/maison-templar.com\/en\/author\/lome\/"}]}},"_links":{"self":[{"href":"https:\/\/maison-templar.com\/en\/wp-json\/wp\/v2\/pages\/886","targetHints":{"allow":["GET"]}}],"collection":[{"href":"https:\/\/maison-templar.com\/en\/wp-json\/wp\/v2\/pages"}],"about":[{"href":"https:\/\/maison-templar.com\/en\/wp-json\/wp\/v2\/types\/page"}],"author":[{"embeddable":true,"href":"https:\/\/maison-templar.com\/en\/wp-json\/wp\/v2\/users\/2"}],"replies":[{"embeddable":true,"href":"https:\/\/maison-templar.com\/en\/wp-json\/wp\/v2\/comments?post=886"}],"version-history":[{"count":0,"href":"https:\/\/maison-templar.com\/en\/wp-json\/wp\/v2\/pages\/886\/revisions"}],"wp:featuredmedia":[{"embeddable":true,"href":"https:\/\/maison-templar.com\/en\/wp-json\/wp\/v2\/media\/311"}],"wp:attachment":[{"href":"https:\/\/maison-templar.com\/en\/wp-json\/wp\/v2\/media?parent=886"}],"curies":[{"name":"wp","href":"https:\/\/api.w.org\/{rel}","templated":true}]}}