{"id":1250,"date":"2025-11-27T14:05:11","date_gmt":"2025-11-27T14:05:11","guid":{"rendered":"https:\/\/maison-templar.com\/?post_type=product&#038;p=1250"},"modified":"2025-11-27T14:11:41","modified_gmt":"2025-11-27T14:11:41","slug":"pablo-picasso-meeting-with-david-lawrence","status":"publish","type":"product","link":"https:\/\/maison-templar.com\/en\/product-2\/pablo-picasso-meeting-with-david-lawrence\/","title":{"rendered":"Pablo Picasso, Imaginary Letters"},"content":{"rendered":"<p>Imaginary letters to Pablo Picasso, imagined by David Lawrence.<\/p>\n<p>Among the signatories: Auguste Renoir, Vincent van Gogh, Paul C\u00e9zanne, Jean Cocteau, Ambroise Vollard, Fran\u00e7oise Gilot, David Bowie, Winston Churchill, Jack Kerouac, Norman Mailer, Jacqueline Bouvier Kennedy Onassis, Carlos Casagemas, Max Jacob, Andr\u00e9 Malraux, Adolf Hitler, Joseph Stalin, General Charles de Gaulle, Jacques Brel, Gertrude Stein, Henri Matisse, Georges Braque, Fernand L\u00e9ger, Francis Bacon, Guillaume Apollinaire, Christian Dior, Yves Saint-Laurent, Marilyn Monroe, G\u00e9raldine Chaplin, Grace Kelly, Fernande Olivier, Jean Marais, Alexander Calder, Giacometti, Claude L\u00e9vi-Strauss,Sylvain Tesson...<\/p>\n<p>376 pages<br \/>\nFormat 21 cm x 29.7 cm<\/p>\n<p>Foreword by art critic Christian Noorbergen<\/p>\n<p>ISBN 97824939554190<\/p>","protected":false},"excerpt":{"rendered":"<p>Imaginary letters to Pablo Picasso, imagined by David Lawrence.<\/p>\n<p>Among the signatories: Auguste Renoir, Vincent van Gogh, Paul C\u00e9zanne, Jean Cocteau, Ambroise Vollard, Fran\u00e7oise Gilot, David Bowie, Winston Churchill, Jack Kerouac, Norman Mailer, Jacqueline Bouvier Kennedy Onassis, Carlos Casagemas, Max Jacob, Andr\u00e9 Malraux, Adolf Hitler, Joseph Stalin, General Charles de Gaulle, Jacques Brel, Gertrude Stein, Henri Matisse, Georges Braque, Fernand L\u00e9ger, Francis Bacon, Guillaume Apollinaire, Christian Dior, Yves Saint-Laurent, Marilyn Monroe, G\u00e9raldine Chaplin, Grace Kelly, Fernande Olivier, Jean Marais, Alexander Calder, Giacometti, Claude L\u00e9vi-Strauss,Sylvain Tesson...<\/p>\n<p>376 pages<\/p>\n<p>Format 21 cm x 29.7 cm<\/p>\n<p>Foreword by art critic Christian Noorbergen<\/p>\n<p>ISBN 97824939554190<\/p>","protected":false},"featured_media":3142,"template":"","meta":{"_monsterinsights_skip_tracking":false,"_monsterinsights_sitenote_active":false,"_monsterinsights_sitenote_note":"","_monsterinsights_sitenote_category":0},"product_brand":[],"product_cat":[18],"product_tag":[],"class_list":{"0":"post-1250","1":"product","2":"type-product","3":"status-publish","4":"has-post-thumbnail","6":"product_cat-livres","8":"first","9":"instock","10":"taxable","11":"shipping-taxable","12":"purchasable","13":"product-type-simple","14":"czr-hentry"},"yoast_head":"<!-- This site is optimized with the Yoast SEO plugin v27.3 - https:\/\/yoast.com\/product\/yoast-seo-wordpress\/ -->\n<title>Pablo Picasso, Lettres Imaginaires &#8226; Maison Templar<\/title>\n<meta name=\"robots\" content=\"index, follow, max-snippet:-1, max-image-preview:large, max-video-preview:-1\" \/>\n<link rel=\"canonical\" href=\"https:\/\/maison-templar.com\/en\/product-2\/pablo-picasso-meeting-with-david-lawrence\/\" \/>\n<meta property=\"og:locale\" content=\"en_US\" \/>\n<meta property=\"og:type\" content=\"article\" \/>\n<meta property=\"og:title\" content=\"Pablo Picasso, Lettres Imaginaires &#8226; Maison Templar\" \/>\n<meta property=\"og:description\" content=\"Lettres Imaginaires destin\u00e9es \u00e0 Pablo Picasso, imagin\u00e9es par David Lawrence.  Parmi les signataires : Auguste Renoir, Vincent van Gogh, Paul C\u00e9zanne, Jean Cocteau, Ambroise Vollard, Fran\u00e7oise Gilot, David Bowie, Winston Churchill, Jack Kerouac, Norman Mailer, Jacqueline Bouvier Kennedy Onassis, Carlos Casagemas, Max Jacob, Andr\u00e9 Malraux, Adolf Hitler, Joseph Staline, le g\u00e9n\u00e9ral Charles de Gaulle, Jacques Brel, Gertrude Stein, Henri Matisse, Georges Braque, Fernand L\u00e9ger, Francis Bacon, Guillaume Apollinaire, Christian Dior, Yves Saint-Laurent, Marilyn Monroe, G\u00e9raldine Chaplin, Grace Kelly, Fernande Olivier, Jean Marais, Alexander Calder, Giacometti, Claude L\u00e9vi-Strauss,Sylvain Tesson...  376 pages  Format 21 cm x 29.7 cm  Pr\u00e9fac\u00e9 par le critique d&#039;art, Christian Noorbergen  ISBN 97824939554190\" \/>\n<meta property=\"og:url\" content=\"https:\/\/maison-templar.com\/en\/product-2\/pablo-picasso-meeting-with-david-lawrence\/\" \/>\n<meta property=\"og:site_name\" content=\"Maison Templar\" \/>\n<meta property=\"article:publisher\" content=\"https:\/\/www.facebook.com\/Maison-Templar-103328858940286\" \/>\n<meta property=\"article:modified_time\" content=\"2025-11-27T14:11:41+00:00\" \/>\n<meta property=\"og:image\" content=\"https:\/\/maison-templar.com\/wp-content\/uploads\/2025\/11\/Picasso-Lettres-imaginaires.png\" \/>\n\t<meta property=\"og:image:width\" content=\"1280\" \/>\n\t<meta property=\"og:image:height\" content=\"1280\" \/>\n\t<meta property=\"og:image:type\" content=\"image\/png\" \/>\n<meta name=\"twitter:card\" content=\"summary_large_image\" \/>\n<meta name=\"twitter:label1\" content=\"Est. reading time\" \/>\n\t<meta name=\"twitter:data1\" content=\"1 minute\" \/>\n<script type=\"application\/ld+json\" class=\"yoast-schema-graph\">{\"@context\":\"https:\\\/\\\/schema.org\",\"@graph\":[{\"@type\":[\"WebPage\",\"SearchResultsPage\"],\"@id\":\"https:\\\/\\\/maison-templar.com\\\/produit\\\/pablo-picasso-rendez-vous-de-david-lawrence\\\/\",\"url\":\"https:\\\/\\\/maison-templar.com\\\/produit\\\/pablo-picasso-rendez-vous-de-david-lawrence\\\/\",\"name\":\"Pablo Picasso, Lettres Imaginaires &#8226; Maison Templar\",\"isPartOf\":{\"@id\":\"https:\\\/\\\/maison-templar.com\\\/#website\"},\"primaryImageOfPage\":{\"@id\":\"https:\\\/\\\/maison-templar.com\\\/produit\\\/pablo-picasso-rendez-vous-de-david-lawrence\\\/#primaryimage\"},\"image\":{\"@id\":\"https:\\\/\\\/maison-templar.com\\\/produit\\\/pablo-picasso-rendez-vous-de-david-lawrence\\\/#primaryimage\"},\"thumbnailUrl\":\"https:\\\/\\\/maison-templar.com\\\/wp-content\\\/uploads\\\/2025\\\/11\\\/Picasso-Lettres-imaginaires.png\",\"datePublished\":\"2025-11-27T14:05:11+00:00\",\"dateModified\":\"2025-11-27T14:11:41+00:00\",\"breadcrumb\":{\"@id\":\"https:\\\/\\\/maison-templar.com\\\/produit\\\/pablo-picasso-rendez-vous-de-david-lawrence\\\/#breadcrumb\"},\"inLanguage\":\"en-US\",\"potentialAction\":[{\"@type\":\"ReadAction\",\"target\":[\"https:\\\/\\\/maison-templar.com\\\/produit\\\/pablo-picasso-rendez-vous-de-david-lawrence\\\/\"]}]},{\"@type\":\"ImageObject\",\"inLanguage\":\"en-US\",\"@id\":\"https:\\\/\\\/maison-templar.com\\\/produit\\\/pablo-picasso-rendez-vous-de-david-lawrence\\\/#primaryimage\",\"url\":\"https:\\\/\\\/maison-templar.com\\\/wp-content\\\/uploads\\\/2025\\\/11\\\/Picasso-Lettres-imaginaires.png\",\"contentUrl\":\"https:\\\/\\\/maison-templar.com\\\/wp-content\\\/uploads\\\/2025\\\/11\\\/Picasso-Lettres-imaginaires.png\",\"width\":1280,\"height\":1280},{\"@type\":\"BreadcrumbList\",\"@id\":\"https:\\\/\\\/maison-templar.com\\\/produit\\\/pablo-picasso-rendez-vous-de-david-lawrence\\\/#breadcrumb\",\"itemListElement\":[{\"@type\":\"ListItem\",\"position\":1,\"name\":\"Accueil\",\"item\":\"https:\\\/\\\/maison-templar.com\\\/\"},{\"@type\":\"ListItem\",\"position\":2,\"name\":\"Toutes nos collections\",\"item\":\"https:\\\/\\\/maison-templar.com\\\/toutes-nos-collections\\\/\"},{\"@type\":\"ListItem\",\"position\":3,\"name\":\"Pablo Picasso, Lettres Imaginaires\"}]},{\"@type\":\"WebSite\",\"@id\":\"https:\\\/\\\/maison-templar.com\\\/#website\",\"url\":\"https:\\\/\\\/maison-templar.com\\\/\",\"name\":\"Maison Templar\",\"description\":\"Somptueux coffrets Collector \u00e0 tirage ultra-limit\u00e9s\",\"publisher\":{\"@id\":\"https:\\\/\\\/maison-templar.com\\\/#organization\"},\"potentialAction\":[{\"@type\":\"SearchAction\",\"target\":{\"@type\":\"EntryPoint\",\"urlTemplate\":\"https:\\\/\\\/maison-templar.com\\\/?s={search_term_string}\"},\"query-input\":{\"@type\":\"PropertyValueSpecification\",\"valueRequired\":true,\"valueName\":\"search_term_string\"}}],\"inLanguage\":\"en-US\"},{\"@type\":\"Organization\",\"@id\":\"https:\\\/\\\/maison-templar.com\\\/#organization\",\"name\":\"Maison Templar\",\"url\":\"https:\\\/\\\/maison-templar.com\\\/\",\"logo\":{\"@type\":\"ImageObject\",\"inLanguage\":\"en-US\",\"@id\":\"https:\\\/\\\/maison-templar.com\\\/#\\\/schema\\\/logo\\\/image\\\/\",\"url\":\"https:\\\/\\\/maison-templar.com\\\/wp-content\\\/uploads\\\/2022\\\/03\\\/Logo-Maison-Templar-Noir.png\",\"contentUrl\":\"https:\\\/\\\/maison-templar.com\\\/wp-content\\\/uploads\\\/2022\\\/03\\\/Logo-Maison-Templar-Noir.png\",\"width\":2020,\"height\":340,\"caption\":\"Maison Templar\"},\"image\":{\"@id\":\"https:\\\/\\\/maison-templar.com\\\/#\\\/schema\\\/logo\\\/image\\\/\"},\"sameAs\":[\"https:\\\/\\\/www.facebook.com\\\/Maison-Templar-103328858940286\",\"https:\\\/\\\/www.instagram.com\\\/maison_templar_\\\/\",\"https:\\\/\\\/www.linkedin.com\\\/company\\\/maison-templar-presse\\\/about\\\/\"]}]}<\/script>\n<!-- \/ Yoast SEO plugin. -->","yoast_head_json":{"title":"Pablo Picasso, Imaginary Letters \u2022 Templar Publishing","robots":{"index":"index","follow":"follow","max-snippet":"max-snippet:-1","max-image-preview":"max-image-preview:large","max-video-preview":"max-video-preview:-1"},"canonical":"https:\/\/maison-templar.com\/en\/product-2\/pablo-picasso-meeting-with-david-lawrence\/","og_locale":"en_US","og_type":"article","og_title":"Pablo Picasso, Lettres Imaginaires &#8226; Maison Templar","og_description":"Lettres Imaginaires destin\u00e9es \u00e0 Pablo Picasso, imagin\u00e9es par David Lawrence.  Parmi les signataires : Auguste Renoir, Vincent van Gogh, Paul C\u00e9zanne, Jean Cocteau, Ambroise Vollard, Fran\u00e7oise Gilot, David Bowie, Winston Churchill, Jack Kerouac, Norman Mailer, Jacqueline Bouvier Kennedy Onassis, Carlos Casagemas, Max Jacob, Andr\u00e9 Malraux, Adolf Hitler, Joseph Staline, le g\u00e9n\u00e9ral Charles de Gaulle, Jacques Brel, Gertrude Stein, Henri Matisse, Georges Braque, Fernand L\u00e9ger, Francis Bacon, Guillaume Apollinaire, Christian Dior, Yves Saint-Laurent, Marilyn Monroe, G\u00e9raldine Chaplin, Grace Kelly, Fernande Olivier, Jean Marais, Alexander Calder, Giacometti, Claude L\u00e9vi-Strauss,Sylvain Tesson...  376 pages  Format 21 cm x 29.7 cm  Pr\u00e9fac\u00e9 par le critique d'art, Christian Noorbergen  ISBN 97824939554190","og_url":"https:\/\/maison-templar.com\/en\/product-2\/pablo-picasso-meeting-with-david-lawrence\/","og_site_name":"Maison Templar","article_publisher":"https:\/\/www.facebook.com\/Maison-Templar-103328858940286","article_modified_time":"2025-11-27T14:11:41+00:00","og_image":[{"width":1280,"height":1280,"url":"https:\/\/maison-templar.com\/wp-content\/uploads\/2025\/11\/Picasso-Lettres-imaginaires.png","type":"image\/png"}],"twitter_card":"summary_large_image","twitter_misc":{"Est. reading time":"1 minute"},"schema":{"@context":"https:\/\/schema.org","@graph":[{"@type":["WebPage","SearchResultsPage"],"@id":"https:\/\/maison-templar.com\/produit\/pablo-picasso-rendez-vous-de-david-lawrence\/","url":"https:\/\/maison-templar.com\/produit\/pablo-picasso-rendez-vous-de-david-lawrence\/","name":"Pablo Picasso, Imaginary Letters \u2022 Templar Publishing","isPartOf":{"@id":"https:\/\/maison-templar.com\/#website"},"primaryImageOfPage":{"@id":"https:\/\/maison-templar.com\/produit\/pablo-picasso-rendez-vous-de-david-lawrence\/#primaryimage"},"image":{"@id":"https:\/\/maison-templar.com\/produit\/pablo-picasso-rendez-vous-de-david-lawrence\/#primaryimage"},"thumbnailUrl":"https:\/\/maison-templar.com\/wp-content\/uploads\/2025\/11\/Picasso-Lettres-imaginaires.png","datePublished":"2025-11-27T14:05:11+00:00","dateModified":"2025-11-27T14:11:41+00:00","breadcrumb":{"@id":"https:\/\/maison-templar.com\/produit\/pablo-picasso-rendez-vous-de-david-lawrence\/#breadcrumb"},"inLanguage":"en-US","potentialAction":[{"@type":"ReadAction","target":["https:\/\/maison-templar.com\/produit\/pablo-picasso-rendez-vous-de-david-lawrence\/"]}]},{"@type":"ImageObject","inLanguage":"en-US","@id":"https:\/\/maison-templar.com\/produit\/pablo-picasso-rendez-vous-de-david-lawrence\/#primaryimage","url":"https:\/\/maison-templar.com\/wp-content\/uploads\/2025\/11\/Picasso-Lettres-imaginaires.png","contentUrl":"https:\/\/maison-templar.com\/wp-content\/uploads\/2025\/11\/Picasso-Lettres-imaginaires.png","width":1280,"height":1280},{"@type":"BreadcrumbList","@id":"https:\/\/maison-templar.com\/produit\/pablo-picasso-rendez-vous-de-david-lawrence\/#breadcrumb","itemListElement":[{"@type":"ListItem","position":1,"name":"Accueil","item":"https:\/\/maison-templar.com\/"},{"@type":"ListItem","position":2,"name":"Toutes nos collections","item":"https:\/\/maison-templar.com\/toutes-nos-collections\/"},{"@type":"ListItem","position":3,"name":"Pablo Picasso, Lettres Imaginaires"}]},{"@type":"WebSite","@id":"https:\/\/maison-templar.com\/#website","url":"https:\/\/maison-templar.com\/","name":"Maison Templar","description":"Sumptuous Collector's Boxes with ultra-limited edition","publisher":{"@id":"https:\/\/maison-templar.com\/#organization"},"potentialAction":[{"@type":"SearchAction","target":{"@type":"EntryPoint","urlTemplate":"https:\/\/maison-templar.com\/?s={search_term_string}"},"query-input":{"@type":"PropertyValueSpecification","valueRequired":true,"valueName":"search_term_string"}}],"inLanguage":"en-US"},{"@type":"Organization","@id":"https:\/\/maison-templar.com\/#organization","name":"Maison Templar","url":"https:\/\/maison-templar.com\/","logo":{"@type":"ImageObject","inLanguage":"en-US","@id":"https:\/\/maison-templar.com\/#\/schema\/logo\/image\/","url":"https:\/\/maison-templar.com\/wp-content\/uploads\/2022\/03\/Logo-Maison-Templar-Noir.png","contentUrl":"https:\/\/maison-templar.com\/wp-content\/uploads\/2022\/03\/Logo-Maison-Templar-Noir.png","width":2020,"height":340,"caption":"Maison Templar"},"image":{"@id":"https:\/\/maison-templar.com\/#\/schema\/logo\/image\/"},"sameAs":["https:\/\/www.facebook.com\/Maison-Templar-103328858940286","https:\/\/www.instagram.com\/maison_templar_\/","https:\/\/www.linkedin.com\/company\/maison-templar-presse\/about\/"]}]}},"_links":{"self":[{"href":"https:\/\/maison-templar.com\/en\/wp-json\/wp\/v2\/product\/1250","targetHints":{"allow":["GET"]}}],"collection":[{"href":"https:\/\/maison-templar.com\/en\/wp-json\/wp\/v2\/product"}],"about":[{"href":"https:\/\/maison-templar.com\/en\/wp-json\/wp\/v2\/types\/product"}],"wp:featuredmedia":[{"embeddable":true,"href":"https:\/\/maison-templar.com\/en\/wp-json\/wp\/v2\/media\/3142"}],"wp:attachment":[{"href":"https:\/\/maison-templar.com\/en\/wp-json\/wp\/v2\/media?parent=1250"}],"wp:term":[{"taxonomy":"product_brand","embeddable":true,"href":"https:\/\/maison-templar.com\/en\/wp-json\/wp\/v2\/product_brand?post=1250"},{"taxonomy":"product_cat","embeddable":true,"href":"https:\/\/maison-templar.com\/en\/wp-json\/wp\/v2\/product_cat?post=1250"},{"taxonomy":"product_tag","embeddable":true,"href":"https:\/\/maison-templar.com\/en\/wp-json\/wp\/v2\/product_tag?post=1250"}],"curies":[{"name":"wp","href":"https:\/\/api.w.org\/{rel}","templated":true}]}}