{"id":1300,"date":"2023-11-16T12:47:09","date_gmt":"2023-11-16T12:47:09","guid":{"rendered":"https:\/\/maison-templar.com\/?post_type=product&#038;p=1300"},"modified":"2026-04-11T13:43:36","modified_gmt":"2026-04-11T13:43:36","slug":"jackie-lamerique-des-kennedy-available-from-december-20-2023","status":"publish","type":"product","link":"https:\/\/maison-templar.com\/en\/product-2\/jackie-lamerique-des-kennedy-available-from-december-20-2023\/","title":{"rendered":"Jackie, the Kennedys' America"},"content":{"rendered":"<p>Marrying John F. Kennedy on September 12, 1953, Jackie witnessed his rise, the 1007 days of his presidency, his assassination in Dallas on Friday, November 22, 1963, and organized his funeral.<\/p>\n<p>Although she refused to write an autobiography, this exceptional album by David Lawrence, the fruit of 25 years of research, reveals a fragile, sensitive woman, madly in love, determined .<\/p>\n<p>This album, extraordinarily lively thanks to its author's narratives, goes behind the scenes of a remarkable story.<\/p>\n<p>Preface by Alain Malraux<\/p>\n<p>Format 21 cm x 28 cm<\/p>\n<p>Hardcover.<\/p>\n<p>French version.<\/p>","protected":false},"excerpt":{"rendered":"<p>Marrying John F. Kennedy on September 12, 1953, Jackie witnessed his rise, the 1007 days of his presidency, his assassination in Dallas on Friday, November 22, 1963, and organized his funeral.<\/p>\n<p>Although she refused to write an autobiography, this exceptional album by David Lawrence, the fruit of 25 years of research, reveals a fragile, sensitive woman, madly in love, determined .<\/p>\n<p>This album, extraordinarily lively thanks to its author's narratives, goes behind the scenes of a remarkable story.<\/p>\n<p>Preface by Alain Malraux<\/p>\n<p>Format 21 cm x 28 cm<\/p>\n<p>Hardcover.<\/p>\n<p>French version.<\/p>","protected":false},"featured_media":1301,"template":"","meta":{"_monsterinsights_skip_tracking":false,"_monsterinsights_sitenote_active":false,"_monsterinsights_sitenote_note":"","_monsterinsights_sitenote_category":0},"product_brand":[],"product_cat":[18],"product_tag":[],"class_list":{"0":"post-1300","1":"product","2":"type-product","3":"status-publish","4":"has-post-thumbnail","6":"product_cat-livres","8":"first","9":"outofstock","10":"taxable","11":"shipping-taxable","12":"purchasable","13":"product-type-simple","14":"czr-hentry"},"yoast_head":"<!-- This site is optimized with the Yoast SEO plugin v27.3 - https:\/\/yoast.com\/product\/yoast-seo-wordpress\/ -->\n<title>Jackie, l\u2019Am\u00e9rique des Kennedy &#8226; Maison Templar<\/title>\n<meta name=\"robots\" content=\"index, follow, max-snippet:-1, max-image-preview:large, max-video-preview:-1\" \/>\n<link rel=\"canonical\" href=\"https:\/\/maison-templar.com\/en\/product-2\/jackie-lamerique-des-kennedy-available-from-december-20-2023\/\" \/>\n<meta property=\"og:locale\" content=\"en_US\" \/>\n<meta property=\"og:type\" content=\"article\" \/>\n<meta property=\"og:title\" content=\"Jackie, l\u2019Am\u00e9rique des Kennedy &#8226; Maison Templar\" \/>\n<meta property=\"og:description\" content=\"En \u00e9pousant le 12 septembre 1953 John F. Kennedy, Jackie sera le t\u00e9moin privil\u00e9gi\u00e9 de son ascension, des 1007 jours de sa pr\u00e9sidence, de son assassinat \u00e0 Dallas, le vendredi 22 novembre 1963 et organisera ses fun\u00e9railles.  Si elle refusera la r\u00e9daction d\u2019une autobiographie, cet album exceptionnel de David Lawrence, fruit de 25 ann\u00e9es de recherches, d\u00e9voile une femme fragile, sensible, \u00e9perdument amoureuse, d\u00e9termin\u00e9e .  Cet album, extraordinairement vivant, par les r\u00e9cits de son auteur, traverse les coulisses d\u2019une histoire remarquable.  Pr\u00e9face d&#039;Alain Malraux  Format 21 cm x 28 cm  Couverture rigide.  Version fran\u00e7aise.\" \/>\n<meta property=\"og:url\" content=\"https:\/\/maison-templar.com\/en\/product-2\/jackie-lamerique-des-kennedy-available-from-december-20-2023\/\" \/>\n<meta property=\"og:site_name\" content=\"Maison Templar\" \/>\n<meta property=\"article:publisher\" content=\"https:\/\/www.facebook.com\/Maison-Templar-103328858940286\" \/>\n<meta property=\"article:modified_time\" content=\"2026-04-11T13:43:36+00:00\" \/>\n<meta property=\"og:image\" content=\"https:\/\/maison-templar.com\/wp-content\/uploads\/2023\/11\/couverture-catalogue.jpg\" \/>\n\t<meta property=\"og:image:width\" content=\"1200\" \/>\n\t<meta property=\"og:image:height\" content=\"1200\" \/>\n\t<meta property=\"og:image:type\" content=\"image\/jpeg\" \/>\n<meta name=\"twitter:card\" content=\"summary_large_image\" \/>\n<meta name=\"twitter:label1\" content=\"Est. reading time\" \/>\n\t<meta name=\"twitter:data1\" content=\"1 minute\" \/>\n<script type=\"application\/ld+json\" class=\"yoast-schema-graph\">{\"@context\":\"https:\\\/\\\/schema.org\",\"@graph\":[{\"@type\":[\"WebPage\",\"SearchResultsPage\"],\"@id\":\"https:\\\/\\\/maison-templar.com\\\/produit\\\/jackie-lamerique-des-kennedy-disponible-a-partir-du-20-decembre-2023\\\/\",\"url\":\"https:\\\/\\\/maison-templar.com\\\/produit\\\/jackie-lamerique-des-kennedy-disponible-a-partir-du-20-decembre-2023\\\/\",\"name\":\"Jackie, l\u2019Am\u00e9rique des Kennedy &#8226; Maison Templar\",\"isPartOf\":{\"@id\":\"https:\\\/\\\/maison-templar.com\\\/#website\"},\"primaryImageOfPage\":{\"@id\":\"https:\\\/\\\/maison-templar.com\\\/produit\\\/jackie-lamerique-des-kennedy-disponible-a-partir-du-20-decembre-2023\\\/#primaryimage\"},\"image\":{\"@id\":\"https:\\\/\\\/maison-templar.com\\\/produit\\\/jackie-lamerique-des-kennedy-disponible-a-partir-du-20-decembre-2023\\\/#primaryimage\"},\"thumbnailUrl\":\"https:\\\/\\\/maison-templar.com\\\/wp-content\\\/uploads\\\/2023\\\/11\\\/couverture-catalogue.jpg\",\"datePublished\":\"2023-11-16T12:47:09+00:00\",\"dateModified\":\"2026-04-11T13:43:36+00:00\",\"breadcrumb\":{\"@id\":\"https:\\\/\\\/maison-templar.com\\\/produit\\\/jackie-lamerique-des-kennedy-disponible-a-partir-du-20-decembre-2023\\\/#breadcrumb\"},\"inLanguage\":\"en-US\",\"potentialAction\":[{\"@type\":\"ReadAction\",\"target\":[\"https:\\\/\\\/maison-templar.com\\\/produit\\\/jackie-lamerique-des-kennedy-disponible-a-partir-du-20-decembre-2023\\\/\"]}]},{\"@type\":\"ImageObject\",\"inLanguage\":\"en-US\",\"@id\":\"https:\\\/\\\/maison-templar.com\\\/produit\\\/jackie-lamerique-des-kennedy-disponible-a-partir-du-20-decembre-2023\\\/#primaryimage\",\"url\":\"https:\\\/\\\/maison-templar.com\\\/wp-content\\\/uploads\\\/2023\\\/11\\\/couverture-catalogue.jpg\",\"contentUrl\":\"https:\\\/\\\/maison-templar.com\\\/wp-content\\\/uploads\\\/2023\\\/11\\\/couverture-catalogue.jpg\",\"width\":1200,\"height\":1200,\"caption\":\"livre Jackie Kennedy\"},{\"@type\":\"BreadcrumbList\",\"@id\":\"https:\\\/\\\/maison-templar.com\\\/produit\\\/jackie-lamerique-des-kennedy-disponible-a-partir-du-20-decembre-2023\\\/#breadcrumb\",\"itemListElement\":[{\"@type\":\"ListItem\",\"position\":1,\"name\":\"Accueil\",\"item\":\"https:\\\/\\\/maison-templar.com\\\/\"},{\"@type\":\"ListItem\",\"position\":2,\"name\":\"Toutes nos collections\",\"item\":\"https:\\\/\\\/maison-templar.com\\\/toutes-nos-collections\\\/\"},{\"@type\":\"ListItem\",\"position\":3,\"name\":\"Jackie, l\u2019Am\u00e9rique des Kennedy\"}]},{\"@type\":\"WebSite\",\"@id\":\"https:\\\/\\\/maison-templar.com\\\/#website\",\"url\":\"https:\\\/\\\/maison-templar.com\\\/\",\"name\":\"Maison Templar\",\"description\":\"Somptueux coffrets Collector \u00e0 tirage ultra-limit\u00e9s\",\"publisher\":{\"@id\":\"https:\\\/\\\/maison-templar.com\\\/#organization\"},\"potentialAction\":[{\"@type\":\"SearchAction\",\"target\":{\"@type\":\"EntryPoint\",\"urlTemplate\":\"https:\\\/\\\/maison-templar.com\\\/?s={search_term_string}\"},\"query-input\":{\"@type\":\"PropertyValueSpecification\",\"valueRequired\":true,\"valueName\":\"search_term_string\"}}],\"inLanguage\":\"en-US\"},{\"@type\":\"Organization\",\"@id\":\"https:\\\/\\\/maison-templar.com\\\/#organization\",\"name\":\"Maison Templar\",\"url\":\"https:\\\/\\\/maison-templar.com\\\/\",\"logo\":{\"@type\":\"ImageObject\",\"inLanguage\":\"en-US\",\"@id\":\"https:\\\/\\\/maison-templar.com\\\/#\\\/schema\\\/logo\\\/image\\\/\",\"url\":\"https:\\\/\\\/maison-templar.com\\\/wp-content\\\/uploads\\\/2022\\\/03\\\/Logo-Maison-Templar-Noir.png\",\"contentUrl\":\"https:\\\/\\\/maison-templar.com\\\/wp-content\\\/uploads\\\/2022\\\/03\\\/Logo-Maison-Templar-Noir.png\",\"width\":2020,\"height\":340,\"caption\":\"Maison Templar\"},\"image\":{\"@id\":\"https:\\\/\\\/maison-templar.com\\\/#\\\/schema\\\/logo\\\/image\\\/\"},\"sameAs\":[\"https:\\\/\\\/www.facebook.com\\\/Maison-Templar-103328858940286\",\"https:\\\/\\\/www.instagram.com\\\/maison_templar_\\\/\",\"https:\\\/\\\/www.linkedin.com\\\/company\\\/maison-templar-presse\\\/about\\\/\"]}]}<\/script>\n<!-- \/ Yoast SEO plugin. -->","yoast_head_json":{"title":"Jackie, the Kennedys' America - Maison Templar","robots":{"index":"index","follow":"follow","max-snippet":"max-snippet:-1","max-image-preview":"max-image-preview:large","max-video-preview":"max-video-preview:-1"},"canonical":"https:\/\/maison-templar.com\/en\/product-2\/jackie-lamerique-des-kennedy-available-from-december-20-2023\/","og_locale":"en_US","og_type":"article","og_title":"Jackie, l\u2019Am\u00e9rique des Kennedy &#8226; Maison Templar","og_description":"En \u00e9pousant le 12 septembre 1953 John F. Kennedy, Jackie sera le t\u00e9moin privil\u00e9gi\u00e9 de son ascension, des 1007 jours de sa pr\u00e9sidence, de son assassinat \u00e0 Dallas, le vendredi 22 novembre 1963 et organisera ses fun\u00e9railles.  Si elle refusera la r\u00e9daction d\u2019une autobiographie, cet album exceptionnel de David Lawrence, fruit de 25 ann\u00e9es de recherches, d\u00e9voile une femme fragile, sensible, \u00e9perdument amoureuse, d\u00e9termin\u00e9e .  Cet album, extraordinairement vivant, par les r\u00e9cits de son auteur, traverse les coulisses d\u2019une histoire remarquable.  Pr\u00e9face d'Alain Malraux  Format 21 cm x 28 cm  Couverture rigide.  Version fran\u00e7aise.","og_url":"https:\/\/maison-templar.com\/en\/product-2\/jackie-lamerique-des-kennedy-available-from-december-20-2023\/","og_site_name":"Maison Templar","article_publisher":"https:\/\/www.facebook.com\/Maison-Templar-103328858940286","article_modified_time":"2026-04-11T13:43:36+00:00","og_image":[{"width":1200,"height":1200,"url":"https:\/\/maison-templar.com\/wp-content\/uploads\/2023\/11\/couverture-catalogue.jpg","type":"image\/jpeg"}],"twitter_card":"summary_large_image","twitter_misc":{"Est. reading time":"1 minute"},"schema":{"@context":"https:\/\/schema.org","@graph":[{"@type":["WebPage","SearchResultsPage"],"@id":"https:\/\/maison-templar.com\/produit\/jackie-lamerique-des-kennedy-disponible-a-partir-du-20-decembre-2023\/","url":"https:\/\/maison-templar.com\/produit\/jackie-lamerique-des-kennedy-disponible-a-partir-du-20-decembre-2023\/","name":"Jackie, the Kennedys' America - Maison Templar","isPartOf":{"@id":"https:\/\/maison-templar.com\/#website"},"primaryImageOfPage":{"@id":"https:\/\/maison-templar.com\/produit\/jackie-lamerique-des-kennedy-disponible-a-partir-du-20-decembre-2023\/#primaryimage"},"image":{"@id":"https:\/\/maison-templar.com\/produit\/jackie-lamerique-des-kennedy-disponible-a-partir-du-20-decembre-2023\/#primaryimage"},"thumbnailUrl":"https:\/\/maison-templar.com\/wp-content\/uploads\/2023\/11\/couverture-catalogue.jpg","datePublished":"2023-11-16T12:47:09+00:00","dateModified":"2026-04-11T13:43:36+00:00","breadcrumb":{"@id":"https:\/\/maison-templar.com\/produit\/jackie-lamerique-des-kennedy-disponible-a-partir-du-20-decembre-2023\/#breadcrumb"},"inLanguage":"en-US","potentialAction":[{"@type":"ReadAction","target":["https:\/\/maison-templar.com\/produit\/jackie-lamerique-des-kennedy-disponible-a-partir-du-20-decembre-2023\/"]}]},{"@type":"ImageObject","inLanguage":"en-US","@id":"https:\/\/maison-templar.com\/produit\/jackie-lamerique-des-kennedy-disponible-a-partir-du-20-decembre-2023\/#primaryimage","url":"https:\/\/maison-templar.com\/wp-content\/uploads\/2023\/11\/couverture-catalogue.jpg","contentUrl":"https:\/\/maison-templar.com\/wp-content\/uploads\/2023\/11\/couverture-catalogue.jpg","width":1200,"height":1200,"caption":"livre Jackie Kennedy"},{"@type":"BreadcrumbList","@id":"https:\/\/maison-templar.com\/produit\/jackie-lamerique-des-kennedy-disponible-a-partir-du-20-decembre-2023\/#breadcrumb","itemListElement":[{"@type":"ListItem","position":1,"name":"Accueil","item":"https:\/\/maison-templar.com\/"},{"@type":"ListItem","position":2,"name":"Toutes nos collections","item":"https:\/\/maison-templar.com\/toutes-nos-collections\/"},{"@type":"ListItem","position":3,"name":"Jackie, l\u2019Am\u00e9rique des Kennedy"}]},{"@type":"WebSite","@id":"https:\/\/maison-templar.com\/#website","url":"https:\/\/maison-templar.com\/","name":"Maison Templar","description":"Sumptuous Collector's Boxes with ultra-limited edition","publisher":{"@id":"https:\/\/maison-templar.com\/#organization"},"potentialAction":[{"@type":"SearchAction","target":{"@type":"EntryPoint","urlTemplate":"https:\/\/maison-templar.com\/?s={search_term_string}"},"query-input":{"@type":"PropertyValueSpecification","valueRequired":true,"valueName":"search_term_string"}}],"inLanguage":"en-US"},{"@type":"Organization","@id":"https:\/\/maison-templar.com\/#organization","name":"Maison Templar","url":"https:\/\/maison-templar.com\/","logo":{"@type":"ImageObject","inLanguage":"en-US","@id":"https:\/\/maison-templar.com\/#\/schema\/logo\/image\/","url":"https:\/\/maison-templar.com\/wp-content\/uploads\/2022\/03\/Logo-Maison-Templar-Noir.png","contentUrl":"https:\/\/maison-templar.com\/wp-content\/uploads\/2022\/03\/Logo-Maison-Templar-Noir.png","width":2020,"height":340,"caption":"Maison Templar"},"image":{"@id":"https:\/\/maison-templar.com\/#\/schema\/logo\/image\/"},"sameAs":["https:\/\/www.facebook.com\/Maison-Templar-103328858940286","https:\/\/www.instagram.com\/maison_templar_\/","https:\/\/www.linkedin.com\/company\/maison-templar-presse\/about\/"]}]}},"_links":{"self":[{"href":"https:\/\/maison-templar.com\/en\/wp-json\/wp\/v2\/product\/1300","targetHints":{"allow":["GET"]}}],"collection":[{"href":"https:\/\/maison-templar.com\/en\/wp-json\/wp\/v2\/product"}],"about":[{"href":"https:\/\/maison-templar.com\/en\/wp-json\/wp\/v2\/types\/product"}],"wp:featuredmedia":[{"embeddable":true,"href":"https:\/\/maison-templar.com\/en\/wp-json\/wp\/v2\/media\/1301"}],"wp:attachment":[{"href":"https:\/\/maison-templar.com\/en\/wp-json\/wp\/v2\/media?parent=1300"}],"wp:term":[{"taxonomy":"product_brand","embeddable":true,"href":"https:\/\/maison-templar.com\/en\/wp-json\/wp\/v2\/product_brand?post=1300"},{"taxonomy":"product_cat","embeddable":true,"href":"https:\/\/maison-templar.com\/en\/wp-json\/wp\/v2\/product_cat?post=1300"},{"taxonomy":"product_tag","embeddable":true,"href":"https:\/\/maison-templar.com\/en\/wp-json\/wp\/v2\/product_tag?post=1300"}],"curies":[{"name":"wp","href":"https:\/\/api.w.org\/{rel}","templated":true}]}}