{"id":1776,"date":"2024-02-07T12:45:44","date_gmt":"2024-02-07T12:45:44","guid":{"rendered":"https:\/\/maison-templar.com\/?post_type=product&#038;p=1776"},"modified":"2026-04-11T13:42:28","modified_gmt":"2026-04-11T13:42:28","slug":"audio-lettre-imaginaire-de-jacqueline-kennedy-a-picasso","status":"publish","type":"product","link":"https:\/\/maison-templar.com\/en\/product-2\/audio-lettre-imaginaire-de-jacqueline-kennedy-a-picasso\/","title":{"rendered":"Audio - Jacqueline Kennedy's imaginary letter to Picasso"},"content":{"rendered":"","protected":false},"excerpt":{"rendered":"<p style=\"font-weight: 400\">Copyright : Maison Templar 2024. Recorded by Studio La Fabrique<\/p>\n<p style=\"font-weight: 400\">Performed and read by actor and theater artist Jean Paul Lucet<\/p>\n<p style=\"font-weight: 400\">Texts by David Lawrence. Copyrights 2024@<\/p>","protected":false},"featured_media":1778,"template":"","meta":{"_monsterinsights_skip_tracking":false,"_monsterinsights_sitenote_active":false,"_monsterinsights_sitenote_note":"","_monsterinsights_sitenote_category":0},"product_brand":[],"product_cat":[132],"product_tag":[],"class_list":{"0":"post-1776","1":"product","2":"type-product","3":"status-publish","4":"has-post-thumbnail","6":"product_cat-audio","8":"first","9":"outofstock","10":"downloadable","11":"taxable","12":"shipping-taxable","13":"purchasable","14":"product-type-simple","15":"czr-hentry"},"yoast_head":"<!-- This site is optimized with the Yoast SEO plugin v27.3 - https:\/\/yoast.com\/product\/yoast-seo-wordpress\/ -->\n<title>Audio - Lettre imaginaire de Jacqueline Kennedy \u00e0 Picasso &#8226; Maison Templar<\/title>\n<meta name=\"robots\" content=\"index, follow, max-snippet:-1, max-image-preview:large, max-video-preview:-1\" \/>\n<link rel=\"canonical\" href=\"https:\/\/maison-templar.com\/en\/product-2\/audio-lettre-imaginaire-de-jacqueline-kennedy-a-picasso\/\" \/>\n<meta property=\"og:locale\" content=\"en_US\" \/>\n<meta property=\"og:type\" content=\"article\" \/>\n<meta property=\"og:title\" content=\"Audio - Lettre imaginaire de Jacqueline Kennedy \u00e0 Picasso &#8226; Maison Templar\" \/>\n<meta property=\"og:description\" content=\"Copyright\u00a0: Maison Templar 2024. Enregistrement r\u00e9alis\u00e9 par Studio La Fabrique Interpr\u00e9t\u00e9e et lue par le com\u00e9dien, homme de Th\u00e9\u00e2tre, Jean Paul Lucet Textes de David Lawrence. Copyrights 2024@\" \/>\n<meta property=\"og:url\" content=\"https:\/\/maison-templar.com\/en\/product-2\/audio-lettre-imaginaire-de-jacqueline-kennedy-a-picasso\/\" \/>\n<meta property=\"og:site_name\" content=\"Maison Templar\" \/>\n<meta property=\"article:publisher\" content=\"https:\/\/www.facebook.com\/Maison-Templar-103328858940286\" \/>\n<meta property=\"article:modified_time\" content=\"2026-04-11T13:42:28+00:00\" \/>\n<meta property=\"og:image\" content=\"https:\/\/maison-templar.com\/wp-content\/uploads\/2024\/02\/B825ADD780DC4D8E868D449A5767C994.jpeg\" \/>\n\t<meta property=\"og:image:width\" content=\"709\" \/>\n\t<meta property=\"og:image:height\" content=\"709\" \/>\n\t<meta property=\"og:image:type\" content=\"image\/jpeg\" \/>\n<meta name=\"twitter:card\" content=\"summary_large_image\" \/>\n<meta name=\"twitter:label1\" content=\"Est. reading time\" \/>\n\t<meta name=\"twitter:data1\" content=\"1 minute\" \/>\n<script type=\"application\/ld+json\" class=\"yoast-schema-graph\">{\"@context\":\"https:\\\/\\\/schema.org\",\"@graph\":[{\"@type\":[\"WebPage\",\"SearchResultsPage\"],\"@id\":\"https:\\\/\\\/maison-templar.com\\\/produit\\\/audio-lettre-imaginaire-de-jacqueline-kennedy-a-picasso\\\/\",\"url\":\"https:\\\/\\\/maison-templar.com\\\/produit\\\/audio-lettre-imaginaire-de-jacqueline-kennedy-a-picasso\\\/\",\"name\":\"Audio - Lettre imaginaire de Jacqueline Kennedy \u00e0 Picasso &#8226; Maison Templar\",\"isPartOf\":{\"@id\":\"https:\\\/\\\/maison-templar.com\\\/#website\"},\"primaryImageOfPage\":{\"@id\":\"https:\\\/\\\/maison-templar.com\\\/produit\\\/audio-lettre-imaginaire-de-jacqueline-kennedy-a-picasso\\\/#primaryimage\"},\"image\":{\"@id\":\"https:\\\/\\\/maison-templar.com\\\/produit\\\/audio-lettre-imaginaire-de-jacqueline-kennedy-a-picasso\\\/#primaryimage\"},\"thumbnailUrl\":\"https:\\\/\\\/maison-templar.com\\\/wp-content\\\/uploads\\\/2024\\\/02\\\/B825ADD780DC4D8E868D449A5767C994.jpeg\",\"datePublished\":\"2024-02-07T12:45:44+00:00\",\"dateModified\":\"2026-04-11T13:42:28+00:00\",\"breadcrumb\":{\"@id\":\"https:\\\/\\\/maison-templar.com\\\/produit\\\/audio-lettre-imaginaire-de-jacqueline-kennedy-a-picasso\\\/#breadcrumb\"},\"inLanguage\":\"en-US\",\"potentialAction\":[{\"@type\":\"ReadAction\",\"target\":[\"https:\\\/\\\/maison-templar.com\\\/produit\\\/audio-lettre-imaginaire-de-jacqueline-kennedy-a-picasso\\\/\"]}]},{\"@type\":\"ImageObject\",\"inLanguage\":\"en-US\",\"@id\":\"https:\\\/\\\/maison-templar.com\\\/produit\\\/audio-lettre-imaginaire-de-jacqueline-kennedy-a-picasso\\\/#primaryimage\",\"url\":\"https:\\\/\\\/maison-templar.com\\\/wp-content\\\/uploads\\\/2024\\\/02\\\/B825ADD780DC4D8E868D449A5767C994.jpeg\",\"contentUrl\":\"https:\\\/\\\/maison-templar.com\\\/wp-content\\\/uploads\\\/2024\\\/02\\\/B825ADD780DC4D8E868D449A5767C994.jpeg\",\"width\":709,\"height\":709},{\"@type\":\"BreadcrumbList\",\"@id\":\"https:\\\/\\\/maison-templar.com\\\/produit\\\/audio-lettre-imaginaire-de-jacqueline-kennedy-a-picasso\\\/#breadcrumb\",\"itemListElement\":[{\"@type\":\"ListItem\",\"position\":1,\"name\":\"Accueil\",\"item\":\"https:\\\/\\\/maison-templar.com\\\/\"},{\"@type\":\"ListItem\",\"position\":2,\"name\":\"Toutes nos collections\",\"item\":\"https:\\\/\\\/maison-templar.com\\\/toutes-nos-collections\\\/\"},{\"@type\":\"ListItem\",\"position\":3,\"name\":\"Audio &#8211; Lettre imaginaire de Jacqueline Kennedy \u00e0 Picasso\"}]},{\"@type\":\"WebSite\",\"@id\":\"https:\\\/\\\/maison-templar.com\\\/#website\",\"url\":\"https:\\\/\\\/maison-templar.com\\\/\",\"name\":\"Maison Templar\",\"description\":\"Somptueux coffrets Collector \u00e0 tirage ultra-limit\u00e9s\",\"publisher\":{\"@id\":\"https:\\\/\\\/maison-templar.com\\\/#organization\"},\"potentialAction\":[{\"@type\":\"SearchAction\",\"target\":{\"@type\":\"EntryPoint\",\"urlTemplate\":\"https:\\\/\\\/maison-templar.com\\\/?s={search_term_string}\"},\"query-input\":{\"@type\":\"PropertyValueSpecification\",\"valueRequired\":true,\"valueName\":\"search_term_string\"}}],\"inLanguage\":\"en-US\"},{\"@type\":\"Organization\",\"@id\":\"https:\\\/\\\/maison-templar.com\\\/#organization\",\"name\":\"Maison Templar\",\"url\":\"https:\\\/\\\/maison-templar.com\\\/\",\"logo\":{\"@type\":\"ImageObject\",\"inLanguage\":\"en-US\",\"@id\":\"https:\\\/\\\/maison-templar.com\\\/#\\\/schema\\\/logo\\\/image\\\/\",\"url\":\"https:\\\/\\\/maison-templar.com\\\/wp-content\\\/uploads\\\/2022\\\/03\\\/Logo-Maison-Templar-Noir.png\",\"contentUrl\":\"https:\\\/\\\/maison-templar.com\\\/wp-content\\\/uploads\\\/2022\\\/03\\\/Logo-Maison-Templar-Noir.png\",\"width\":2020,\"height\":340,\"caption\":\"Maison Templar\"},\"image\":{\"@id\":\"https:\\\/\\\/maison-templar.com\\\/#\\\/schema\\\/logo\\\/image\\\/\"},\"sameAs\":[\"https:\\\/\\\/www.facebook.com\\\/Maison-Templar-103328858940286\",\"https:\\\/\\\/www.instagram.com\\\/maison_templar_\\\/\",\"https:\\\/\\\/www.linkedin.com\\\/company\\\/maison-templar-presse\\\/about\\\/\"]}]}<\/script>\n<!-- \/ Yoast SEO plugin. -->","yoast_head_json":{"title":"Audio - Lettre imaginaire de Jacqueline Kennedy \u00e0 Picasso &#8226; Maison Templar","robots":{"index":"index","follow":"follow","max-snippet":"max-snippet:-1","max-image-preview":"max-image-preview:large","max-video-preview":"max-video-preview:-1"},"canonical":"https:\/\/maison-templar.com\/en\/product-2\/audio-lettre-imaginaire-de-jacqueline-kennedy-a-picasso\/","og_locale":"en_US","og_type":"article","og_title":"Audio - Lettre imaginaire de Jacqueline Kennedy \u00e0 Picasso &#8226; Maison Templar","og_description":"Copyright\u00a0: Maison Templar 2024. Enregistrement r\u00e9alis\u00e9 par Studio La Fabrique Interpr\u00e9t\u00e9e et lue par le com\u00e9dien, homme de Th\u00e9\u00e2tre, Jean Paul Lucet Textes de David Lawrence. Copyrights 2024@","og_url":"https:\/\/maison-templar.com\/en\/product-2\/audio-lettre-imaginaire-de-jacqueline-kennedy-a-picasso\/","og_site_name":"Maison Templar","article_publisher":"https:\/\/www.facebook.com\/Maison-Templar-103328858940286","article_modified_time":"2026-04-11T13:42:28+00:00","og_image":[{"width":709,"height":709,"url":"https:\/\/maison-templar.com\/wp-content\/uploads\/2024\/02\/B825ADD780DC4D8E868D449A5767C994.jpeg","type":"image\/jpeg"}],"twitter_card":"summary_large_image","twitter_misc":{"Est. reading time":"1 minute"},"schema":{"@context":"https:\/\/schema.org","@graph":[{"@type":["WebPage","SearchResultsPage"],"@id":"https:\/\/maison-templar.com\/produit\/audio-lettre-imaginaire-de-jacqueline-kennedy-a-picasso\/","url":"https:\/\/maison-templar.com\/produit\/audio-lettre-imaginaire-de-jacqueline-kennedy-a-picasso\/","name":"Audio - Lettre imaginaire de Jacqueline Kennedy \u00e0 Picasso &#8226; Maison Templar","isPartOf":{"@id":"https:\/\/maison-templar.com\/#website"},"primaryImageOfPage":{"@id":"https:\/\/maison-templar.com\/produit\/audio-lettre-imaginaire-de-jacqueline-kennedy-a-picasso\/#primaryimage"},"image":{"@id":"https:\/\/maison-templar.com\/produit\/audio-lettre-imaginaire-de-jacqueline-kennedy-a-picasso\/#primaryimage"},"thumbnailUrl":"https:\/\/maison-templar.com\/wp-content\/uploads\/2024\/02\/B825ADD780DC4D8E868D449A5767C994.jpeg","datePublished":"2024-02-07T12:45:44+00:00","dateModified":"2026-04-11T13:42:28+00:00","breadcrumb":{"@id":"https:\/\/maison-templar.com\/produit\/audio-lettre-imaginaire-de-jacqueline-kennedy-a-picasso\/#breadcrumb"},"inLanguage":"en-US","potentialAction":[{"@type":"ReadAction","target":["https:\/\/maison-templar.com\/produit\/audio-lettre-imaginaire-de-jacqueline-kennedy-a-picasso\/"]}]},{"@type":"ImageObject","inLanguage":"en-US","@id":"https:\/\/maison-templar.com\/produit\/audio-lettre-imaginaire-de-jacqueline-kennedy-a-picasso\/#primaryimage","url":"https:\/\/maison-templar.com\/wp-content\/uploads\/2024\/02\/B825ADD780DC4D8E868D449A5767C994.jpeg","contentUrl":"https:\/\/maison-templar.com\/wp-content\/uploads\/2024\/02\/B825ADD780DC4D8E868D449A5767C994.jpeg","width":709,"height":709},{"@type":"BreadcrumbList","@id":"https:\/\/maison-templar.com\/produit\/audio-lettre-imaginaire-de-jacqueline-kennedy-a-picasso\/#breadcrumb","itemListElement":[{"@type":"ListItem","position":1,"name":"Accueil","item":"https:\/\/maison-templar.com\/"},{"@type":"ListItem","position":2,"name":"Toutes nos collections","item":"https:\/\/maison-templar.com\/toutes-nos-collections\/"},{"@type":"ListItem","position":3,"name":"Audio &#8211; Lettre imaginaire de Jacqueline Kennedy \u00e0 Picasso"}]},{"@type":"WebSite","@id":"https:\/\/maison-templar.com\/#website","url":"https:\/\/maison-templar.com\/","name":"Maison Templar","description":"Sumptuous Collector's Boxes with ultra-limited edition","publisher":{"@id":"https:\/\/maison-templar.com\/#organization"},"potentialAction":[{"@type":"SearchAction","target":{"@type":"EntryPoint","urlTemplate":"https:\/\/maison-templar.com\/?s={search_term_string}"},"query-input":{"@type":"PropertyValueSpecification","valueRequired":true,"valueName":"search_term_string"}}],"inLanguage":"en-US"},{"@type":"Organization","@id":"https:\/\/maison-templar.com\/#organization","name":"Maison Templar","url":"https:\/\/maison-templar.com\/","logo":{"@type":"ImageObject","inLanguage":"en-US","@id":"https:\/\/maison-templar.com\/#\/schema\/logo\/image\/","url":"https:\/\/maison-templar.com\/wp-content\/uploads\/2022\/03\/Logo-Maison-Templar-Noir.png","contentUrl":"https:\/\/maison-templar.com\/wp-content\/uploads\/2022\/03\/Logo-Maison-Templar-Noir.png","width":2020,"height":340,"caption":"Maison Templar"},"image":{"@id":"https:\/\/maison-templar.com\/#\/schema\/logo\/image\/"},"sameAs":["https:\/\/www.facebook.com\/Maison-Templar-103328858940286","https:\/\/www.instagram.com\/maison_templar_\/","https:\/\/www.linkedin.com\/company\/maison-templar-presse\/about\/"]}]}},"_links":{"self":[{"href":"https:\/\/maison-templar.com\/en\/wp-json\/wp\/v2\/product\/1776","targetHints":{"allow":["GET"]}}],"collection":[{"href":"https:\/\/maison-templar.com\/en\/wp-json\/wp\/v2\/product"}],"about":[{"href":"https:\/\/maison-templar.com\/en\/wp-json\/wp\/v2\/types\/product"}],"wp:featuredmedia":[{"embeddable":true,"href":"https:\/\/maison-templar.com\/en\/wp-json\/wp\/v2\/media\/1778"}],"wp:attachment":[{"href":"https:\/\/maison-templar.com\/en\/wp-json\/wp\/v2\/media?parent=1776"}],"wp:term":[{"taxonomy":"product_brand","embeddable":true,"href":"https:\/\/maison-templar.com\/en\/wp-json\/wp\/v2\/product_brand?post=1776"},{"taxonomy":"product_cat","embeddable":true,"href":"https:\/\/maison-templar.com\/en\/wp-json\/wp\/v2\/product_cat?post=1776"},{"taxonomy":"product_tag","embeddable":true,"href":"https:\/\/maison-templar.com\/en\/wp-json\/wp\/v2\/product_tag?post=1776"}],"curies":[{"name":"wp","href":"https:\/\/api.w.org\/{rel}","templated":true}]}}