{"id":1840,"date":"2024-02-14T14:11:15","date_gmt":"2024-02-14T14:11:15","guid":{"rendered":"https:\/\/maison-templar.com\/?post_type=product&#038;p=1840"},"modified":"2026-04-11T13:41:39","modified_gmt":"2026-04-11T13:41:39","slug":"lettres-imaginaires-exhibition-picasso-download","status":"publish","type":"product","link":"https:\/\/maison-templar.com\/en\/product-2\/lettres-imaginaires-exhibition-picasso-download\/","title":{"rendered":"IMAGINARY LETTERS to Pablo Picasso"},"content":{"rendered":"<h3><em>Recording of 12 letters <\/em>for Pablo Picasso, designed by David Lawrence.<\/h3>\n<div>\n<p class=\"yiv9142331828MsoNormal\">Bonus: poem <em>Tips<\/em>.<\/p>\n<\/div>\n<p class=\"yiv9142331828MsoNormal\">Fran\u00e7oise Gilot, Fernand L\u00e9ger, Charles de Gaulle, Jack Kerouac, Jean Cocteau, Winston Churchill, Auguste Renoir, Jacqueline Bouvier Kennedy, Jacques Pr\u00e9vert, Alexander Calder, Salvador Dali, Claude L\u00e9vi-Strauss.<\/p>\n<p class=\"yiv9142331828MsoNormal\">Voice: Actor and theaterman Jean Paul Lucet.<\/p>\n<p class=\"yiv9142331828MsoNormal\">The recording was made at Studio La Fabrique.<\/p>\n<p class=\"yiv9142331828MsoNormal\">","protected":false},"excerpt":{"rendered":"<div class=\"yiv9142331828WordSection1\">\n<div>\n<h3 class=\"yiv9142331828MsoNormal\">Recording of 12 letters to Pablo Picasso, imagined by David Lawrence. .<\/h3>\n<\/div>\n<\/div>\n<div class=\"yiv9142331828WordSection1\">\n<div>\n<p class=\"yiv9142331828MsoNormal\">Bonus: poem <em>Tips<\/em> .<\/p>\n<\/div>\n<p class=\"yiv9142331828MsoNormal\">Fran\u00e7oise Gilot, Fernand L\u00e9ger, Charles de Gaulle, Jack Kerouac, Jean Cocteau, Winston Churchill, Auguste Renoir, Jacqueline Bouvier Kennedy, Jacques Pr\u00e9vert, Alexander Calder, Salvador Dali, Claude L\u00e9vi-Strauss.<\/p>\n<p class=\"yiv9142331828MsoNormal\">Voice: Actor and theaterman Jean Paul Lucet.<\/p>\n<\/div>\n<div class=\"yiv9142331828WordSection1\">\n<p class=\"yiv9142331828MsoNormal\">The recording was made at Studio La Fabrique.<\/p>\n<\/div>","protected":false},"featured_media":1778,"template":"","meta":{"_monsterinsights_skip_tracking":false,"_monsterinsights_sitenote_active":false,"_monsterinsights_sitenote_note":"","_monsterinsights_sitenote_category":0},"product_brand":[],"product_cat":[132],"product_tag":[],"class_list":{"0":"post-1840","1":"product","2":"type-product","3":"status-publish","4":"has-post-thumbnail","6":"product_cat-audio","8":"first","9":"outofstock","10":"downloadable","11":"taxable","12":"shipping-taxable","13":"purchasable","14":"product-type-simple","15":"czr-hentry"},"yoast_head":"<!-- This site is optimized with the Yoast SEO plugin v27.3 - https:\/\/yoast.com\/product\/yoast-seo-wordpress\/ -->\n<title>LETTRES IMAGINAIRES \u00e0 Pablo Picasso &#8226; Maison Templar<\/title>\n<meta name=\"robots\" content=\"index, follow, max-snippet:-1, max-image-preview:large, max-video-preview:-1\" \/>\n<link rel=\"canonical\" href=\"https:\/\/maison-templar.com\/en\/product-2\/lettres-imaginaires-exhibition-picasso-download\/\" \/>\n<meta property=\"og:locale\" content=\"en_US\" \/>\n<meta property=\"og:type\" content=\"article\" \/>\n<meta property=\"og:title\" content=\"LETTRES IMAGINAIRES \u00e0 Pablo Picasso &#8226; Maison Templar\" \/>\n<meta property=\"og:description\" content=\"Enregistrement de 12 lettres destin\u00e9es \u00e0 Pablo Picasso, imagin\u00e9es par David Lawrence .     Bonus : po\u00e8me Pointes .   Fran\u00e7oise Gilot, Fernand L\u00e9ger, Charles de Gaulle, Jack Kerouac, Jean Cocteau, Winston Churchill, Auguste Renoir, Jacqueline Bouvier Kennedy, Jacques Pr\u00e9vert, Alexander Calder, Salvador Dali, Claude L\u00e9vi-Strauss. Voix : Le\u00a0 com\u00e9dien et homme de th\u00e9\u00e2tre, Jean Paul Lucet.    L\u2019enregistrement a \u00e9t\u00e9 r\u00e9alis\u00e9 au Studio La Fabrique.\" \/>\n<meta property=\"og:url\" content=\"https:\/\/maison-templar.com\/en\/product-2\/lettres-imaginaires-exhibition-picasso-download\/\" \/>\n<meta property=\"og:site_name\" content=\"Maison Templar\" \/>\n<meta property=\"article:publisher\" content=\"https:\/\/www.facebook.com\/Maison-Templar-103328858940286\" \/>\n<meta property=\"article:modified_time\" content=\"2026-04-11T13:41:39+00:00\" \/>\n<meta property=\"og:image\" content=\"https:\/\/maison-templar.com\/wp-content\/uploads\/2024\/02\/B825ADD780DC4D8E868D449A5767C994.jpeg\" \/>\n\t<meta property=\"og:image:width\" content=\"709\" \/>\n\t<meta property=\"og:image:height\" content=\"709\" \/>\n\t<meta property=\"og:image:type\" content=\"image\/jpeg\" \/>\n<meta name=\"twitter:card\" content=\"summary_large_image\" \/>\n<meta name=\"twitter:label1\" content=\"Est. reading time\" \/>\n\t<meta name=\"twitter:data1\" content=\"1 minute\" \/>\n<script type=\"application\/ld+json\" class=\"yoast-schema-graph\">{\"@context\":\"https:\\\/\\\/schema.org\",\"@graph\":[{\"@type\":[\"WebPage\",\"SearchResultsPage\"],\"@id\":\"https:\\\/\\\/maison-templar.com\\\/produit\\\/lettres-imaginaires-exposition-picasso-telechargement\\\/\",\"url\":\"https:\\\/\\\/maison-templar.com\\\/produit\\\/lettres-imaginaires-exposition-picasso-telechargement\\\/\",\"name\":\"LETTRES IMAGINAIRES \u00e0 Pablo Picasso &#8226; Maison Templar\",\"isPartOf\":{\"@id\":\"https:\\\/\\\/maison-templar.com\\\/#website\"},\"primaryImageOfPage\":{\"@id\":\"https:\\\/\\\/maison-templar.com\\\/produit\\\/lettres-imaginaires-exposition-picasso-telechargement\\\/#primaryimage\"},\"image\":{\"@id\":\"https:\\\/\\\/maison-templar.com\\\/produit\\\/lettres-imaginaires-exposition-picasso-telechargement\\\/#primaryimage\"},\"thumbnailUrl\":\"https:\\\/\\\/maison-templar.com\\\/wp-content\\\/uploads\\\/2024\\\/02\\\/B825ADD780DC4D8E868D449A5767C994.jpeg\",\"datePublished\":\"2024-02-14T14:11:15+00:00\",\"dateModified\":\"2026-04-11T13:41:39+00:00\",\"breadcrumb\":{\"@id\":\"https:\\\/\\\/maison-templar.com\\\/produit\\\/lettres-imaginaires-exposition-picasso-telechargement\\\/#breadcrumb\"},\"inLanguage\":\"en-US\",\"potentialAction\":[{\"@type\":\"ReadAction\",\"target\":[\"https:\\\/\\\/maison-templar.com\\\/produit\\\/lettres-imaginaires-exposition-picasso-telechargement\\\/\"]}]},{\"@type\":\"ImageObject\",\"inLanguage\":\"en-US\",\"@id\":\"https:\\\/\\\/maison-templar.com\\\/produit\\\/lettres-imaginaires-exposition-picasso-telechargement\\\/#primaryimage\",\"url\":\"https:\\\/\\\/maison-templar.com\\\/wp-content\\\/uploads\\\/2024\\\/02\\\/B825ADD780DC4D8E868D449A5767C994.jpeg\",\"contentUrl\":\"https:\\\/\\\/maison-templar.com\\\/wp-content\\\/uploads\\\/2024\\\/02\\\/B825ADD780DC4D8E868D449A5767C994.jpeg\",\"width\":709,\"height\":709},{\"@type\":\"BreadcrumbList\",\"@id\":\"https:\\\/\\\/maison-templar.com\\\/produit\\\/lettres-imaginaires-exposition-picasso-telechargement\\\/#breadcrumb\",\"itemListElement\":[{\"@type\":\"ListItem\",\"position\":1,\"name\":\"Accueil\",\"item\":\"https:\\\/\\\/maison-templar.com\\\/\"},{\"@type\":\"ListItem\",\"position\":2,\"name\":\"Toutes nos collections\",\"item\":\"https:\\\/\\\/maison-templar.com\\\/toutes-nos-collections\\\/\"},{\"@type\":\"ListItem\",\"position\":3,\"name\":\"LETTRES IMAGINAIRES \u00e0 Pablo Picasso\"}]},{\"@type\":\"WebSite\",\"@id\":\"https:\\\/\\\/maison-templar.com\\\/#website\",\"url\":\"https:\\\/\\\/maison-templar.com\\\/\",\"name\":\"Maison Templar\",\"description\":\"Somptueux coffrets Collector \u00e0 tirage ultra-limit\u00e9s\",\"publisher\":{\"@id\":\"https:\\\/\\\/maison-templar.com\\\/#organization\"},\"potentialAction\":[{\"@type\":\"SearchAction\",\"target\":{\"@type\":\"EntryPoint\",\"urlTemplate\":\"https:\\\/\\\/maison-templar.com\\\/?s={search_term_string}\"},\"query-input\":{\"@type\":\"PropertyValueSpecification\",\"valueRequired\":true,\"valueName\":\"search_term_string\"}}],\"inLanguage\":\"en-US\"},{\"@type\":\"Organization\",\"@id\":\"https:\\\/\\\/maison-templar.com\\\/#organization\",\"name\":\"Maison Templar\",\"url\":\"https:\\\/\\\/maison-templar.com\\\/\",\"logo\":{\"@type\":\"ImageObject\",\"inLanguage\":\"en-US\",\"@id\":\"https:\\\/\\\/maison-templar.com\\\/#\\\/schema\\\/logo\\\/image\\\/\",\"url\":\"https:\\\/\\\/maison-templar.com\\\/wp-content\\\/uploads\\\/2022\\\/03\\\/Logo-Maison-Templar-Noir.png\",\"contentUrl\":\"https:\\\/\\\/maison-templar.com\\\/wp-content\\\/uploads\\\/2022\\\/03\\\/Logo-Maison-Templar-Noir.png\",\"width\":2020,\"height\":340,\"caption\":\"Maison Templar\"},\"image\":{\"@id\":\"https:\\\/\\\/maison-templar.com\\\/#\\\/schema\\\/logo\\\/image\\\/\"},\"sameAs\":[\"https:\\\/\\\/www.facebook.com\\\/Maison-Templar-103328858940286\",\"https:\\\/\\\/www.instagram.com\\\/maison_templar_\\\/\",\"https:\\\/\\\/www.linkedin.com\\\/company\\\/maison-templar-presse\\\/about\\\/\"]}]}<\/script>\n<!-- \/ Yoast SEO plugin. -->","yoast_head_json":{"title":"IMAGINARY LETTERS to Pablo Picasso - Maison Templar","robots":{"index":"index","follow":"follow","max-snippet":"max-snippet:-1","max-image-preview":"max-image-preview:large","max-video-preview":"max-video-preview:-1"},"canonical":"https:\/\/maison-templar.com\/en\/product-2\/lettres-imaginaires-exhibition-picasso-download\/","og_locale":"en_US","og_type":"article","og_title":"LETTRES IMAGINAIRES \u00e0 Pablo Picasso &#8226; Maison Templar","og_description":"Enregistrement de 12 lettres destin\u00e9es \u00e0 Pablo Picasso, imagin\u00e9es par David Lawrence .     Bonus : po\u00e8me Pointes .   Fran\u00e7oise Gilot, Fernand L\u00e9ger, Charles de Gaulle, Jack Kerouac, Jean Cocteau, Winston Churchill, Auguste Renoir, Jacqueline Bouvier Kennedy, Jacques Pr\u00e9vert, Alexander Calder, Salvador Dali, Claude L\u00e9vi-Strauss. Voix : Le\u00a0 com\u00e9dien et homme de th\u00e9\u00e2tre, Jean Paul Lucet.    L\u2019enregistrement a \u00e9t\u00e9 r\u00e9alis\u00e9 au Studio La Fabrique.","og_url":"https:\/\/maison-templar.com\/en\/product-2\/lettres-imaginaires-exhibition-picasso-download\/","og_site_name":"Maison Templar","article_publisher":"https:\/\/www.facebook.com\/Maison-Templar-103328858940286","article_modified_time":"2026-04-11T13:41:39+00:00","og_image":[{"width":709,"height":709,"url":"https:\/\/maison-templar.com\/wp-content\/uploads\/2024\/02\/B825ADD780DC4D8E868D449A5767C994.jpeg","type":"image\/jpeg"}],"twitter_card":"summary_large_image","twitter_misc":{"Est. reading time":"1 minute"},"schema":{"@context":"https:\/\/schema.org","@graph":[{"@type":["WebPage","SearchResultsPage"],"@id":"https:\/\/maison-templar.com\/produit\/lettres-imaginaires-exposition-picasso-telechargement\/","url":"https:\/\/maison-templar.com\/produit\/lettres-imaginaires-exposition-picasso-telechargement\/","name":"IMAGINARY LETTERS to Pablo Picasso - Maison Templar","isPartOf":{"@id":"https:\/\/maison-templar.com\/#website"},"primaryImageOfPage":{"@id":"https:\/\/maison-templar.com\/produit\/lettres-imaginaires-exposition-picasso-telechargement\/#primaryimage"},"image":{"@id":"https:\/\/maison-templar.com\/produit\/lettres-imaginaires-exposition-picasso-telechargement\/#primaryimage"},"thumbnailUrl":"https:\/\/maison-templar.com\/wp-content\/uploads\/2024\/02\/B825ADD780DC4D8E868D449A5767C994.jpeg","datePublished":"2024-02-14T14:11:15+00:00","dateModified":"2026-04-11T13:41:39+00:00","breadcrumb":{"@id":"https:\/\/maison-templar.com\/produit\/lettres-imaginaires-exposition-picasso-telechargement\/#breadcrumb"},"inLanguage":"en-US","potentialAction":[{"@type":"ReadAction","target":["https:\/\/maison-templar.com\/produit\/lettres-imaginaires-exposition-picasso-telechargement\/"]}]},{"@type":"ImageObject","inLanguage":"en-US","@id":"https:\/\/maison-templar.com\/produit\/lettres-imaginaires-exposition-picasso-telechargement\/#primaryimage","url":"https:\/\/maison-templar.com\/wp-content\/uploads\/2024\/02\/B825ADD780DC4D8E868D449A5767C994.jpeg","contentUrl":"https:\/\/maison-templar.com\/wp-content\/uploads\/2024\/02\/B825ADD780DC4D8E868D449A5767C994.jpeg","width":709,"height":709},{"@type":"BreadcrumbList","@id":"https:\/\/maison-templar.com\/produit\/lettres-imaginaires-exposition-picasso-telechargement\/#breadcrumb","itemListElement":[{"@type":"ListItem","position":1,"name":"Accueil","item":"https:\/\/maison-templar.com\/"},{"@type":"ListItem","position":2,"name":"Toutes nos collections","item":"https:\/\/maison-templar.com\/toutes-nos-collections\/"},{"@type":"ListItem","position":3,"name":"LETTRES IMAGINAIRES \u00e0 Pablo Picasso"}]},{"@type":"WebSite","@id":"https:\/\/maison-templar.com\/#website","url":"https:\/\/maison-templar.com\/","name":"Maison Templar","description":"Sumptuous Collector's Boxes with ultra-limited edition","publisher":{"@id":"https:\/\/maison-templar.com\/#organization"},"potentialAction":[{"@type":"SearchAction","target":{"@type":"EntryPoint","urlTemplate":"https:\/\/maison-templar.com\/?s={search_term_string}"},"query-input":{"@type":"PropertyValueSpecification","valueRequired":true,"valueName":"search_term_string"}}],"inLanguage":"en-US"},{"@type":"Organization","@id":"https:\/\/maison-templar.com\/#organization","name":"Maison Templar","url":"https:\/\/maison-templar.com\/","logo":{"@type":"ImageObject","inLanguage":"en-US","@id":"https:\/\/maison-templar.com\/#\/schema\/logo\/image\/","url":"https:\/\/maison-templar.com\/wp-content\/uploads\/2022\/03\/Logo-Maison-Templar-Noir.png","contentUrl":"https:\/\/maison-templar.com\/wp-content\/uploads\/2022\/03\/Logo-Maison-Templar-Noir.png","width":2020,"height":340,"caption":"Maison Templar"},"image":{"@id":"https:\/\/maison-templar.com\/#\/schema\/logo\/image\/"},"sameAs":["https:\/\/www.facebook.com\/Maison-Templar-103328858940286","https:\/\/www.instagram.com\/maison_templar_\/","https:\/\/www.linkedin.com\/company\/maison-templar-presse\/about\/"]}]}},"_links":{"self":[{"href":"https:\/\/maison-templar.com\/en\/wp-json\/wp\/v2\/product\/1840","targetHints":{"allow":["GET"]}}],"collection":[{"href":"https:\/\/maison-templar.com\/en\/wp-json\/wp\/v2\/product"}],"about":[{"href":"https:\/\/maison-templar.com\/en\/wp-json\/wp\/v2\/types\/product"}],"wp:featuredmedia":[{"embeddable":true,"href":"https:\/\/maison-templar.com\/en\/wp-json\/wp\/v2\/media\/1778"}],"wp:attachment":[{"href":"https:\/\/maison-templar.com\/en\/wp-json\/wp\/v2\/media?parent=1840"}],"wp:term":[{"taxonomy":"product_brand","embeddable":true,"href":"https:\/\/maison-templar.com\/en\/wp-json\/wp\/v2\/product_brand?post=1840"},{"taxonomy":"product_cat","embeddable":true,"href":"https:\/\/maison-templar.com\/en\/wp-json\/wp\/v2\/product_cat?post=1840"},{"taxonomy":"product_tag","embeddable":true,"href":"https:\/\/maison-templar.com\/en\/wp-json\/wp\/v2\/product_tag?post=1840"}],"curies":[{"name":"wp","href":"https:\/\/api.w.org\/{rel}","templated":true}]}}