{"id":2133,"date":"2025-01-19T08:59:58","date_gmt":"2025-01-19T08:59:58","guid":{"rendered":"https:\/\/maison-templar.com\/?post_type=product&#038;p=2133"},"modified":"2026-04-11T13:44:01","modified_gmt":"2026-04-11T13:44:01","slug":"tiger-woods-the-man-the-legend","status":"publish","type":"product","link":"https:\/\/maison-templar.com\/en\/product-2\/tiger-woods-the-man-the-legend\/","title":{"rendered":"TIGER WOODS: THE MAN, THE LEGEND"},"content":{"rendered":"<p>180 photographs and texts with commentary by David Lawrence<\/p>\n<p>&nbsp;<\/p>\n<p>This splendid album looks back on the key moments of Tiger Woods' career, including his 18 major tournament victories, his unrivalled records, and his impact on the world of sport and beyond.<\/p>\n<p>ISBN 978-2-9572471-3-4<\/p>","protected":false},"excerpt":{"rendered":"<p>180 photographs and texts with commentary by David Lawrence<\/p>\n<p>This splendid album looks back on the key moments of Tiger Woods' career, including his 15 major tournament victories, his unrivalled records, and his impact on the world of sport and beyond.<\/p>\n<p>&nbsp;<\/p>\n<p>ISBN 978-2-9572471-3-4<\/p>","protected":false},"featured_media":2193,"template":"","meta":{"_monsterinsights_skip_tracking":false,"_monsterinsights_sitenote_active":false,"_monsterinsights_sitenote_note":"","_monsterinsights_sitenote_category":0},"product_brand":[],"product_cat":[18],"product_tag":[],"class_list":{"0":"post-2133","1":"product","2":"type-product","3":"status-publish","4":"has-post-thumbnail","6":"product_cat-livres","8":"first","9":"outofstock","10":"taxable","11":"shipping-taxable","12":"purchasable","13":"product-type-simple","14":"czr-hentry"},"yoast_head":"<!-- This site is optimized with the Yoast SEO plugin v27.3 - https:\/\/yoast.com\/product\/yoast-seo-wordpress\/ -->\n<title>TIGER WOODS : L&#039;HOMME , LA L\u00c9GENDE &#8226; Maison Templar<\/title>\n<meta name=\"robots\" content=\"index, follow, max-snippet:-1, max-image-preview:large, max-video-preview:-1\" \/>\n<link rel=\"canonical\" href=\"https:\/\/maison-templar.com\/en\/product-2\/tiger-woods-the-man-the-legend\/\" \/>\n<meta property=\"og:locale\" content=\"en_US\" \/>\n<meta property=\"og:type\" content=\"article\" \/>\n<meta property=\"og:title\" content=\"TIGER WOODS : L&#039;HOMME , LA L\u00c9GENDE &#8226; Maison Templar\" \/>\n<meta property=\"og:description\" content=\"180 photographies et textes comment\u00e9s par David Lawrence  Ce splendide album revient sur les moments cl\u00e9s de la carri\u00e8re de Tiger Woods, notamment ses 15 victoires en tournois majeurs, ses records in\u00e9gal\u00e9s, et son impact sur le monde du sport et au-del\u00e0.  &nbsp;  ISBN 978-2-9572471-3-4\" \/>\n<meta property=\"og:url\" content=\"https:\/\/maison-templar.com\/en\/product-2\/tiger-woods-the-man-the-legend\/\" \/>\n<meta property=\"og:site_name\" content=\"Maison Templar\" \/>\n<meta property=\"article:publisher\" content=\"https:\/\/www.facebook.com\/Maison-Templar-103328858940286\" \/>\n<meta property=\"article:modified_time\" content=\"2026-04-11T13:44:01+00:00\" \/>\n<meta property=\"og:image\" content=\"https:\/\/maison-templar.com\/wp-content\/uploads\/2025\/01\/WOODS_resultat.jpg\" \/>\n\t<meta property=\"og:image:width\" content=\"573\" \/>\n\t<meta property=\"og:image:height\" content=\"800\" \/>\n\t<meta property=\"og:image:type\" content=\"image\/jpeg\" \/>\n<meta name=\"twitter:card\" content=\"summary_large_image\" \/>\n<meta name=\"twitter:label1\" content=\"Est. reading time\" \/>\n\t<meta name=\"twitter:data1\" content=\"1 minute\" \/>\n<script type=\"application\/ld+json\" class=\"yoast-schema-graph\">{\"@context\":\"https:\\\/\\\/schema.org\",\"@graph\":[{\"@type\":[\"WebPage\",\"SearchResultsPage\"],\"@id\":\"https:\\\/\\\/maison-templar.com\\\/produit\\\/tiger-woods-lhomme-la-legende\\\/\",\"url\":\"https:\\\/\\\/maison-templar.com\\\/produit\\\/tiger-woods-lhomme-la-legende\\\/\",\"name\":\"TIGER WOODS : L'HOMME , LA L\u00c9GENDE &#8226; Maison Templar\",\"isPartOf\":{\"@id\":\"https:\\\/\\\/maison-templar.com\\\/#website\"},\"primaryImageOfPage\":{\"@id\":\"https:\\\/\\\/maison-templar.com\\\/produit\\\/tiger-woods-lhomme-la-legende\\\/#primaryimage\"},\"image\":{\"@id\":\"https:\\\/\\\/maison-templar.com\\\/produit\\\/tiger-woods-lhomme-la-legende\\\/#primaryimage\"},\"thumbnailUrl\":\"https:\\\/\\\/maison-templar.com\\\/wp-content\\\/uploads\\\/2025\\\/01\\\/WOODS_resultat.jpg\",\"datePublished\":\"2025-01-19T08:59:58+00:00\",\"dateModified\":\"2026-04-11T13:44:01+00:00\",\"breadcrumb\":{\"@id\":\"https:\\\/\\\/maison-templar.com\\\/produit\\\/tiger-woods-lhomme-la-legende\\\/#breadcrumb\"},\"inLanguage\":\"en-US\",\"potentialAction\":[{\"@type\":\"ReadAction\",\"target\":[\"https:\\\/\\\/maison-templar.com\\\/produit\\\/tiger-woods-lhomme-la-legende\\\/\"]}]},{\"@type\":\"ImageObject\",\"inLanguage\":\"en-US\",\"@id\":\"https:\\\/\\\/maison-templar.com\\\/produit\\\/tiger-woods-lhomme-la-legende\\\/#primaryimage\",\"url\":\"https:\\\/\\\/maison-templar.com\\\/wp-content\\\/uploads\\\/2025\\\/01\\\/WOODS_resultat.jpg\",\"contentUrl\":\"https:\\\/\\\/maison-templar.com\\\/wp-content\\\/uploads\\\/2025\\\/01\\\/WOODS_resultat.jpg\",\"width\":573,\"height\":800},{\"@type\":\"BreadcrumbList\",\"@id\":\"https:\\\/\\\/maison-templar.com\\\/produit\\\/tiger-woods-lhomme-la-legende\\\/#breadcrumb\",\"itemListElement\":[{\"@type\":\"ListItem\",\"position\":1,\"name\":\"Accueil\",\"item\":\"https:\\\/\\\/maison-templar.com\\\/\"},{\"@type\":\"ListItem\",\"position\":2,\"name\":\"Toutes nos collections\",\"item\":\"https:\\\/\\\/maison-templar.com\\\/toutes-nos-collections\\\/\"},{\"@type\":\"ListItem\",\"position\":3,\"name\":\"TIGER WOODS : L&#8217;HOMME , LA L\u00c9GENDE\"}]},{\"@type\":\"WebSite\",\"@id\":\"https:\\\/\\\/maison-templar.com\\\/#website\",\"url\":\"https:\\\/\\\/maison-templar.com\\\/\",\"name\":\"Maison Templar\",\"description\":\"Somptueux coffrets Collector \u00e0 tirage ultra-limit\u00e9s\",\"publisher\":{\"@id\":\"https:\\\/\\\/maison-templar.com\\\/#organization\"},\"potentialAction\":[{\"@type\":\"SearchAction\",\"target\":{\"@type\":\"EntryPoint\",\"urlTemplate\":\"https:\\\/\\\/maison-templar.com\\\/?s={search_term_string}\"},\"query-input\":{\"@type\":\"PropertyValueSpecification\",\"valueRequired\":true,\"valueName\":\"search_term_string\"}}],\"inLanguage\":\"en-US\"},{\"@type\":\"Organization\",\"@id\":\"https:\\\/\\\/maison-templar.com\\\/#organization\",\"name\":\"Maison Templar\",\"url\":\"https:\\\/\\\/maison-templar.com\\\/\",\"logo\":{\"@type\":\"ImageObject\",\"inLanguage\":\"en-US\",\"@id\":\"https:\\\/\\\/maison-templar.com\\\/#\\\/schema\\\/logo\\\/image\\\/\",\"url\":\"https:\\\/\\\/maison-templar.com\\\/wp-content\\\/uploads\\\/2022\\\/03\\\/Logo-Maison-Templar-Noir.png\",\"contentUrl\":\"https:\\\/\\\/maison-templar.com\\\/wp-content\\\/uploads\\\/2022\\\/03\\\/Logo-Maison-Templar-Noir.png\",\"width\":2020,\"height\":340,\"caption\":\"Maison Templar\"},\"image\":{\"@id\":\"https:\\\/\\\/maison-templar.com\\\/#\\\/schema\\\/logo\\\/image\\\/\"},\"sameAs\":[\"https:\\\/\\\/www.facebook.com\\\/Maison-Templar-103328858940286\",\"https:\\\/\\\/www.instagram.com\\\/maison_templar_\\\/\",\"https:\\\/\\\/www.linkedin.com\\\/company\\\/maison-templar-presse\\\/about\\\/\"]}]}<\/script>\n<!-- \/ Yoast SEO plugin. -->","yoast_head_json":{"title":"TIGER WOODS: THE MAN, THE LEGEND - Maison Templar","robots":{"index":"index","follow":"follow","max-snippet":"max-snippet:-1","max-image-preview":"max-image-preview:large","max-video-preview":"max-video-preview:-1"},"canonical":"https:\/\/maison-templar.com\/en\/product-2\/tiger-woods-the-man-the-legend\/","og_locale":"en_US","og_type":"article","og_title":"TIGER WOODS : L'HOMME , LA L\u00c9GENDE &#8226; Maison Templar","og_description":"180 photographies et textes comment\u00e9s par David Lawrence  Ce splendide album revient sur les moments cl\u00e9s de la carri\u00e8re de Tiger Woods, notamment ses 15 victoires en tournois majeurs, ses records in\u00e9gal\u00e9s, et son impact sur le monde du sport et au-del\u00e0.  &nbsp;  ISBN 978-2-9572471-3-4","og_url":"https:\/\/maison-templar.com\/en\/product-2\/tiger-woods-the-man-the-legend\/","og_site_name":"Maison Templar","article_publisher":"https:\/\/www.facebook.com\/Maison-Templar-103328858940286","article_modified_time":"2026-04-11T13:44:01+00:00","og_image":[{"width":573,"height":800,"url":"https:\/\/maison-templar.com\/wp-content\/uploads\/2025\/01\/WOODS_resultat.jpg","type":"image\/jpeg"}],"twitter_card":"summary_large_image","twitter_misc":{"Est. reading time":"1 minute"},"schema":{"@context":"https:\/\/schema.org","@graph":[{"@type":["WebPage","SearchResultsPage"],"@id":"https:\/\/maison-templar.com\/produit\/tiger-woods-lhomme-la-legende\/","url":"https:\/\/maison-templar.com\/produit\/tiger-woods-lhomme-la-legende\/","name":"TIGER WOODS: THE MAN, THE LEGEND - Maison Templar","isPartOf":{"@id":"https:\/\/maison-templar.com\/#website"},"primaryImageOfPage":{"@id":"https:\/\/maison-templar.com\/produit\/tiger-woods-lhomme-la-legende\/#primaryimage"},"image":{"@id":"https:\/\/maison-templar.com\/produit\/tiger-woods-lhomme-la-legende\/#primaryimage"},"thumbnailUrl":"https:\/\/maison-templar.com\/wp-content\/uploads\/2025\/01\/WOODS_resultat.jpg","datePublished":"2025-01-19T08:59:58+00:00","dateModified":"2026-04-11T13:44:01+00:00","breadcrumb":{"@id":"https:\/\/maison-templar.com\/produit\/tiger-woods-lhomme-la-legende\/#breadcrumb"},"inLanguage":"en-US","potentialAction":[{"@type":"ReadAction","target":["https:\/\/maison-templar.com\/produit\/tiger-woods-lhomme-la-legende\/"]}]},{"@type":"ImageObject","inLanguage":"en-US","@id":"https:\/\/maison-templar.com\/produit\/tiger-woods-lhomme-la-legende\/#primaryimage","url":"https:\/\/maison-templar.com\/wp-content\/uploads\/2025\/01\/WOODS_resultat.jpg","contentUrl":"https:\/\/maison-templar.com\/wp-content\/uploads\/2025\/01\/WOODS_resultat.jpg","width":573,"height":800},{"@type":"BreadcrumbList","@id":"https:\/\/maison-templar.com\/produit\/tiger-woods-lhomme-la-legende\/#breadcrumb","itemListElement":[{"@type":"ListItem","position":1,"name":"Accueil","item":"https:\/\/maison-templar.com\/"},{"@type":"ListItem","position":2,"name":"Toutes nos collections","item":"https:\/\/maison-templar.com\/toutes-nos-collections\/"},{"@type":"ListItem","position":3,"name":"TIGER WOODS : L&#8217;HOMME , LA L\u00c9GENDE"}]},{"@type":"WebSite","@id":"https:\/\/maison-templar.com\/#website","url":"https:\/\/maison-templar.com\/","name":"Maison Templar","description":"Sumptuous Collector's Boxes with ultra-limited edition","publisher":{"@id":"https:\/\/maison-templar.com\/#organization"},"potentialAction":[{"@type":"SearchAction","target":{"@type":"EntryPoint","urlTemplate":"https:\/\/maison-templar.com\/?s={search_term_string}"},"query-input":{"@type":"PropertyValueSpecification","valueRequired":true,"valueName":"search_term_string"}}],"inLanguage":"en-US"},{"@type":"Organization","@id":"https:\/\/maison-templar.com\/#organization","name":"Maison Templar","url":"https:\/\/maison-templar.com\/","logo":{"@type":"ImageObject","inLanguage":"en-US","@id":"https:\/\/maison-templar.com\/#\/schema\/logo\/image\/","url":"https:\/\/maison-templar.com\/wp-content\/uploads\/2022\/03\/Logo-Maison-Templar-Noir.png","contentUrl":"https:\/\/maison-templar.com\/wp-content\/uploads\/2022\/03\/Logo-Maison-Templar-Noir.png","width":2020,"height":340,"caption":"Maison Templar"},"image":{"@id":"https:\/\/maison-templar.com\/#\/schema\/logo\/image\/"},"sameAs":["https:\/\/www.facebook.com\/Maison-Templar-103328858940286","https:\/\/www.instagram.com\/maison_templar_\/","https:\/\/www.linkedin.com\/company\/maison-templar-presse\/about\/"]}]}},"_links":{"self":[{"href":"https:\/\/maison-templar.com\/en\/wp-json\/wp\/v2\/product\/2133","targetHints":{"allow":["GET"]}}],"collection":[{"href":"https:\/\/maison-templar.com\/en\/wp-json\/wp\/v2\/product"}],"about":[{"href":"https:\/\/maison-templar.com\/en\/wp-json\/wp\/v2\/types\/product"}],"wp:featuredmedia":[{"embeddable":true,"href":"https:\/\/maison-templar.com\/en\/wp-json\/wp\/v2\/media\/2193"}],"wp:attachment":[{"href":"https:\/\/maison-templar.com\/en\/wp-json\/wp\/v2\/media?parent=2133"}],"wp:term":[{"taxonomy":"product_brand","embeddable":true,"href":"https:\/\/maison-templar.com\/en\/wp-json\/wp\/v2\/product_brand?post=2133"},{"taxonomy":"product_cat","embeddable":true,"href":"https:\/\/maison-templar.com\/en\/wp-json\/wp\/v2\/product_cat?post=2133"},{"taxonomy":"product_tag","embeddable":true,"href":"https:\/\/maison-templar.com\/en\/wp-json\/wp\/v2\/product_tag?post=2133"}],"curies":[{"name":"wp","href":"https:\/\/api.w.org\/{rel}","templated":true}]}}