{"id":2238,"date":"2025-02-20T14:18:50","date_gmt":"2025-02-20T14:18:50","guid":{"rendered":"https:\/\/maison-templar.com\/?post_type=product&#038;p=2238"},"modified":"2026-04-11T13:42:00","modified_gmt":"2026-04-11T13:42:00","slug":"david-bowie-mr-jones-long-hair-paris-2025-exhibition-poster","status":"publish","type":"product","link":"https:\/\/maison-templar.com\/en\/product-2\/david-bowie-mr-jones-long-hair-paris-2025-exhibition-poster\/","title":{"rendered":"DAVID BOWIE MR JONES' LONG HAIR PARIS 2025 EXHIBITION POSTER"},"content":{"rendered":"<p data-start=\"193\" data-end=\"415\">Exhibition collector's poster <strong data-start=\"239\" data-end=\"282\">\"David Bowie, Mr Jones' Long Hair<\/strong>illustrated by a <strong data-start=\"302\" data-end=\"338\">unpublished photograph by Philippe Auliac<\/strong>.<\/p>\n<p data-start=\"417\" data-end=\"606\">\ud83d\udccc <strong data-start=\"420\" data-end=\"442\">Features :<\/strong><br data-start=\"442\" data-end=\"445\" \/>\u2714 Format: <strong data-start=\"456\" data-end=\"470\">40 x 60 cm<\/strong> (A2 equivalent)<br data-start=\"486\" data-end=\"489\" \/>\u2714 Paper : <strong data-start=\"500\" data-end=\"525\">250 g semi-matt coated<\/strong> for an elegant finish<br data-start=\"547\" data-end=\"550\" \/>\u2714 Printing <strong data-start=\"563\" data-end=\"580\">high quality<\/strong><br data-start=\"580\" data-end=\"583\" \/>\u2714 <strong data-start=\"585\" data-end=\"604\">Limited Edition<\/strong><\/p>","protected":false},"excerpt":{"rendered":"<p data-start=\"193\" data-end=\"415\">Exhibition collector's poster <strong data-start=\"239\" data-end=\"282\">\"David Bowie, Mr Jones' Long Hair<\/strong>illustrated by a <strong data-start=\"302\" data-end=\"338\">unpublished photograph by Philippe Auliac<\/strong>.<\/p>\n<p data-start=\"417\" data-end=\"606\">\ud83d\udccc <strong data-start=\"420\" data-end=\"442\">Features :<\/strong><br data-start=\"442\" data-end=\"445\" \/>\u2714 Format: <strong data-start=\"456\" data-end=\"470\">40 x 60 cm<\/strong> (A2 equivalent)<br data-start=\"486\" data-end=\"489\" \/>\u2714 Paper : <strong data-start=\"500\" data-end=\"525\">250 g semi-matt coated<\/strong> for an elegant finish<br data-start=\"547\" data-end=\"550\" \/>\u2714 Printing <strong data-start=\"563\" data-end=\"580\">high quality<\/strong><br data-start=\"580\" data-end=\"583\" \/>\u2714 <strong data-start=\"585\" data-end=\"604\">Limited Edition<\/strong><\/p>\n<p data-start=\"417\" data-end=\"606\">Delivery within 7 days<\/p>","protected":false},"featured_media":2239,"template":"","meta":{"_monsterinsights_skip_tracking":false,"_monsterinsights_sitenote_active":false,"_monsterinsights_sitenote_note":"","_monsterinsights_sitenote_category":0},"product_brand":[],"product_cat":[133],"product_tag":[],"class_list":{"0":"post-2238","1":"product","2":"type-product","3":"status-publish","4":"has-post-thumbnail","6":"product_cat-affiches","8":"first","9":"outofstock","10":"taxable","11":"shipping-taxable","12":"purchasable","13":"product-type-simple","14":"czr-hentry"},"yoast_head":"<!-- This site is optimized with the Yoast SEO plugin v27.3 - https:\/\/yoast.com\/product\/yoast-seo-wordpress\/ -->\n<title>AFFICHE EXPOSITION DAVID BOWIE MR JONES&#039; LONG HAIR PARIS 2025 &#8226; Maison Templar<\/title>\n<meta name=\"robots\" content=\"index, follow, max-snippet:-1, max-image-preview:large, max-video-preview:-1\" \/>\n<link rel=\"canonical\" href=\"https:\/\/maison-templar.com\/en\/product-2\/david-bowie-mr-jones-long-hair-paris-2025-exhibition-poster\/\" \/>\n<meta property=\"og:locale\" content=\"en_US\" \/>\n<meta property=\"og:type\" content=\"article\" \/>\n<meta property=\"og:title\" content=\"AFFICHE EXPOSITION DAVID BOWIE MR JONES&#039; LONG HAIR PARIS 2025 &#8226; Maison Templar\" \/>\n<meta property=\"og:description\" content=\"Affiche collector de l&#039;exposition &quot;David Bowie, Mr Jones\u2019 Long Hair&quot;, illustr\u00e9e par une photographie in\u00e9dite de Philippe Auliac. \ud83d\udccc Caract\u00e9ristiques :\u2714 Format : 40 x 60 cm (\u00e9quivalent A2)\u2714 Papier : 250 g couch\u00e9 demi-mat pour un rendu \u00e9l\u00e9gant\u2714 Impression haute qualit\u00e9\u2714 \u00c9dition limit\u00e9e Livraison sous 7 jours\" \/>\n<meta property=\"og:url\" content=\"https:\/\/maison-templar.com\/en\/product-2\/david-bowie-mr-jones-long-hair-paris-2025-exhibition-poster\/\" \/>\n<meta property=\"og:site_name\" content=\"Maison Templar\" \/>\n<meta property=\"article:publisher\" content=\"https:\/\/www.facebook.com\/Maison-Templar-103328858940286\" \/>\n<meta property=\"article:modified_time\" content=\"2026-04-11T13:42:00+00:00\" \/>\n<meta property=\"og:image\" content=\"https:\/\/maison-templar.com\/wp-content\/uploads\/2025\/02\/affiche-Parisien.png\" \/>\n\t<meta property=\"og:image:width\" content=\"1080\" \/>\n\t<meta property=\"og:image:height\" content=\"1612\" \/>\n\t<meta property=\"og:image:type\" content=\"image\/png\" \/>\n<meta name=\"twitter:card\" content=\"summary_large_image\" \/>\n<meta name=\"twitter:label1\" content=\"Est. reading time\" \/>\n\t<meta name=\"twitter:data1\" content=\"1 minute\" \/>\n<script type=\"application\/ld+json\" class=\"yoast-schema-graph\">{\"@context\":\"https:\\\/\\\/schema.org\",\"@graph\":[{\"@type\":[\"WebPage\",\"SearchResultsPage\"],\"@id\":\"https:\\\/\\\/maison-templar.com\\\/produit\\\/affiche-exposition-david-bowie-mr-jones-long-hair-paris-2025\\\/\",\"url\":\"https:\\\/\\\/maison-templar.com\\\/produit\\\/affiche-exposition-david-bowie-mr-jones-long-hair-paris-2025\\\/\",\"name\":\"AFFICHE EXPOSITION DAVID BOWIE MR JONES' LONG HAIR PARIS 2025 &#8226; Maison Templar\",\"isPartOf\":{\"@id\":\"https:\\\/\\\/maison-templar.com\\\/#website\"},\"primaryImageOfPage\":{\"@id\":\"https:\\\/\\\/maison-templar.com\\\/produit\\\/affiche-exposition-david-bowie-mr-jones-long-hair-paris-2025\\\/#primaryimage\"},\"image\":{\"@id\":\"https:\\\/\\\/maison-templar.com\\\/produit\\\/affiche-exposition-david-bowie-mr-jones-long-hair-paris-2025\\\/#primaryimage\"},\"thumbnailUrl\":\"https:\\\/\\\/maison-templar.com\\\/wp-content\\\/uploads\\\/2025\\\/02\\\/affiche-Parisien.png\",\"datePublished\":\"2025-02-20T14:18:50+00:00\",\"dateModified\":\"2026-04-11T13:42:00+00:00\",\"breadcrumb\":{\"@id\":\"https:\\\/\\\/maison-templar.com\\\/produit\\\/affiche-exposition-david-bowie-mr-jones-long-hair-paris-2025\\\/#breadcrumb\"},\"inLanguage\":\"en-US\",\"potentialAction\":[{\"@type\":\"ReadAction\",\"target\":[\"https:\\\/\\\/maison-templar.com\\\/produit\\\/affiche-exposition-david-bowie-mr-jones-long-hair-paris-2025\\\/\"]}]},{\"@type\":\"ImageObject\",\"inLanguage\":\"en-US\",\"@id\":\"https:\\\/\\\/maison-templar.com\\\/produit\\\/affiche-exposition-david-bowie-mr-jones-long-hair-paris-2025\\\/#primaryimage\",\"url\":\"https:\\\/\\\/maison-templar.com\\\/wp-content\\\/uploads\\\/2025\\\/02\\\/affiche-Parisien.png\",\"contentUrl\":\"https:\\\/\\\/maison-templar.com\\\/wp-content\\\/uploads\\\/2025\\\/02\\\/affiche-Parisien.png\",\"width\":1080,\"height\":1612,\"caption\":\"Affiche de l'exposition David Bowie Paris\"},{\"@type\":\"BreadcrumbList\",\"@id\":\"https:\\\/\\\/maison-templar.com\\\/produit\\\/affiche-exposition-david-bowie-mr-jones-long-hair-paris-2025\\\/#breadcrumb\",\"itemListElement\":[{\"@type\":\"ListItem\",\"position\":1,\"name\":\"Accueil\",\"item\":\"https:\\\/\\\/maison-templar.com\\\/\"},{\"@type\":\"ListItem\",\"position\":2,\"name\":\"Toutes nos collections\",\"item\":\"https:\\\/\\\/maison-templar.com\\\/toutes-nos-collections\\\/\"},{\"@type\":\"ListItem\",\"position\":3,\"name\":\"AFFICHE EXPOSITION DAVID BOWIE MR JONES&#8217; LONG HAIR PARIS 2025\"}]},{\"@type\":\"WebSite\",\"@id\":\"https:\\\/\\\/maison-templar.com\\\/#website\",\"url\":\"https:\\\/\\\/maison-templar.com\\\/\",\"name\":\"Maison Templar\",\"description\":\"Somptueux coffrets Collector \u00e0 tirage ultra-limit\u00e9s\",\"publisher\":{\"@id\":\"https:\\\/\\\/maison-templar.com\\\/#organization\"},\"potentialAction\":[{\"@type\":\"SearchAction\",\"target\":{\"@type\":\"EntryPoint\",\"urlTemplate\":\"https:\\\/\\\/maison-templar.com\\\/?s={search_term_string}\"},\"query-input\":{\"@type\":\"PropertyValueSpecification\",\"valueRequired\":true,\"valueName\":\"search_term_string\"}}],\"inLanguage\":\"en-US\"},{\"@type\":\"Organization\",\"@id\":\"https:\\\/\\\/maison-templar.com\\\/#organization\",\"name\":\"Maison Templar\",\"url\":\"https:\\\/\\\/maison-templar.com\\\/\",\"logo\":{\"@type\":\"ImageObject\",\"inLanguage\":\"en-US\",\"@id\":\"https:\\\/\\\/maison-templar.com\\\/#\\\/schema\\\/logo\\\/image\\\/\",\"url\":\"https:\\\/\\\/maison-templar.com\\\/wp-content\\\/uploads\\\/2022\\\/03\\\/Logo-Maison-Templar-Noir.png\",\"contentUrl\":\"https:\\\/\\\/maison-templar.com\\\/wp-content\\\/uploads\\\/2022\\\/03\\\/Logo-Maison-Templar-Noir.png\",\"width\":2020,\"height\":340,\"caption\":\"Maison Templar\"},\"image\":{\"@id\":\"https:\\\/\\\/maison-templar.com\\\/#\\\/schema\\\/logo\\\/image\\\/\"},\"sameAs\":[\"https:\\\/\\\/www.facebook.com\\\/Maison-Templar-103328858940286\",\"https:\\\/\\\/www.instagram.com\\\/maison_templar_\\\/\",\"https:\\\/\\\/www.linkedin.com\\\/company\\\/maison-templar-presse\\\/about\\\/\"]}]}<\/script>\n<!-- \/ Yoast SEO plugin. -->","yoast_head_json":{"title":"DAVID BOWIE MR JONES' LONG HAIR PARIS 2025 EXHIBITION POSTER - Maison Templar","robots":{"index":"index","follow":"follow","max-snippet":"max-snippet:-1","max-image-preview":"max-image-preview:large","max-video-preview":"max-video-preview:-1"},"canonical":"https:\/\/maison-templar.com\/en\/product-2\/david-bowie-mr-jones-long-hair-paris-2025-exhibition-poster\/","og_locale":"en_US","og_type":"article","og_title":"AFFICHE EXPOSITION DAVID BOWIE MR JONES' LONG HAIR PARIS 2025 &#8226; Maison Templar","og_description":"Affiche collector de l'exposition \"David Bowie, Mr Jones\u2019 Long Hair\", illustr\u00e9e par une photographie in\u00e9dite de Philippe Auliac. \ud83d\udccc Caract\u00e9ristiques :\u2714 Format : 40 x 60 cm (\u00e9quivalent A2)\u2714 Papier : 250 g couch\u00e9 demi-mat pour un rendu \u00e9l\u00e9gant\u2714 Impression haute qualit\u00e9\u2714 \u00c9dition limit\u00e9e Livraison sous 7 jours","og_url":"https:\/\/maison-templar.com\/en\/product-2\/david-bowie-mr-jones-long-hair-paris-2025-exhibition-poster\/","og_site_name":"Maison Templar","article_publisher":"https:\/\/www.facebook.com\/Maison-Templar-103328858940286","article_modified_time":"2026-04-11T13:42:00+00:00","og_image":[{"width":1080,"height":1612,"url":"https:\/\/maison-templar.com\/wp-content\/uploads\/2025\/02\/affiche-Parisien.png","type":"image\/png"}],"twitter_card":"summary_large_image","twitter_misc":{"Est. reading time":"1 minute"},"schema":{"@context":"https:\/\/schema.org","@graph":[{"@type":["WebPage","SearchResultsPage"],"@id":"https:\/\/maison-templar.com\/produit\/affiche-exposition-david-bowie-mr-jones-long-hair-paris-2025\/","url":"https:\/\/maison-templar.com\/produit\/affiche-exposition-david-bowie-mr-jones-long-hair-paris-2025\/","name":"DAVID BOWIE MR JONES' LONG HAIR PARIS 2025 EXHIBITION POSTER - Maison Templar","isPartOf":{"@id":"https:\/\/maison-templar.com\/#website"},"primaryImageOfPage":{"@id":"https:\/\/maison-templar.com\/produit\/affiche-exposition-david-bowie-mr-jones-long-hair-paris-2025\/#primaryimage"},"image":{"@id":"https:\/\/maison-templar.com\/produit\/affiche-exposition-david-bowie-mr-jones-long-hair-paris-2025\/#primaryimage"},"thumbnailUrl":"https:\/\/maison-templar.com\/wp-content\/uploads\/2025\/02\/affiche-Parisien.png","datePublished":"2025-02-20T14:18:50+00:00","dateModified":"2026-04-11T13:42:00+00:00","breadcrumb":{"@id":"https:\/\/maison-templar.com\/produit\/affiche-exposition-david-bowie-mr-jones-long-hair-paris-2025\/#breadcrumb"},"inLanguage":"en-US","potentialAction":[{"@type":"ReadAction","target":["https:\/\/maison-templar.com\/produit\/affiche-exposition-david-bowie-mr-jones-long-hair-paris-2025\/"]}]},{"@type":"ImageObject","inLanguage":"en-US","@id":"https:\/\/maison-templar.com\/produit\/affiche-exposition-david-bowie-mr-jones-long-hair-paris-2025\/#primaryimage","url":"https:\/\/maison-templar.com\/wp-content\/uploads\/2025\/02\/affiche-Parisien.png","contentUrl":"https:\/\/maison-templar.com\/wp-content\/uploads\/2025\/02\/affiche-Parisien.png","width":1080,"height":1612,"caption":"Affiche de l'exposition David Bowie Paris"},{"@type":"BreadcrumbList","@id":"https:\/\/maison-templar.com\/produit\/affiche-exposition-david-bowie-mr-jones-long-hair-paris-2025\/#breadcrumb","itemListElement":[{"@type":"ListItem","position":1,"name":"Accueil","item":"https:\/\/maison-templar.com\/"},{"@type":"ListItem","position":2,"name":"Toutes nos collections","item":"https:\/\/maison-templar.com\/toutes-nos-collections\/"},{"@type":"ListItem","position":3,"name":"AFFICHE EXPOSITION DAVID BOWIE MR JONES&#8217; LONG HAIR PARIS 2025"}]},{"@type":"WebSite","@id":"https:\/\/maison-templar.com\/#website","url":"https:\/\/maison-templar.com\/","name":"Maison Templar","description":"Sumptuous Collector's Boxes with ultra-limited edition","publisher":{"@id":"https:\/\/maison-templar.com\/#organization"},"potentialAction":[{"@type":"SearchAction","target":{"@type":"EntryPoint","urlTemplate":"https:\/\/maison-templar.com\/?s={search_term_string}"},"query-input":{"@type":"PropertyValueSpecification","valueRequired":true,"valueName":"search_term_string"}}],"inLanguage":"en-US"},{"@type":"Organization","@id":"https:\/\/maison-templar.com\/#organization","name":"Maison Templar","url":"https:\/\/maison-templar.com\/","logo":{"@type":"ImageObject","inLanguage":"en-US","@id":"https:\/\/maison-templar.com\/#\/schema\/logo\/image\/","url":"https:\/\/maison-templar.com\/wp-content\/uploads\/2022\/03\/Logo-Maison-Templar-Noir.png","contentUrl":"https:\/\/maison-templar.com\/wp-content\/uploads\/2022\/03\/Logo-Maison-Templar-Noir.png","width":2020,"height":340,"caption":"Maison Templar"},"image":{"@id":"https:\/\/maison-templar.com\/#\/schema\/logo\/image\/"},"sameAs":["https:\/\/www.facebook.com\/Maison-Templar-103328858940286","https:\/\/www.instagram.com\/maison_templar_\/","https:\/\/www.linkedin.com\/company\/maison-templar-presse\/about\/"]}]}},"_links":{"self":[{"href":"https:\/\/maison-templar.com\/en\/wp-json\/wp\/v2\/product\/2238","targetHints":{"allow":["GET"]}}],"collection":[{"href":"https:\/\/maison-templar.com\/en\/wp-json\/wp\/v2\/product"}],"about":[{"href":"https:\/\/maison-templar.com\/en\/wp-json\/wp\/v2\/types\/product"}],"wp:featuredmedia":[{"embeddable":true,"href":"https:\/\/maison-templar.com\/en\/wp-json\/wp\/v2\/media\/2239"}],"wp:attachment":[{"href":"https:\/\/maison-templar.com\/en\/wp-json\/wp\/v2\/media?parent=2238"}],"wp:term":[{"taxonomy":"product_brand","embeddable":true,"href":"https:\/\/maison-templar.com\/en\/wp-json\/wp\/v2\/product_brand?post=2238"},{"taxonomy":"product_cat","embeddable":true,"href":"https:\/\/maison-templar.com\/en\/wp-json\/wp\/v2\/product_cat?post=2238"},{"taxonomy":"product_tag","embeddable":true,"href":"https:\/\/maison-templar.com\/en\/wp-json\/wp\/v2\/product_tag?post=2238"}],"curies":[{"name":"wp","href":"https:\/\/api.w.org\/{rel}","templated":true}]}}