{"id":59,"date":"2022-03-01T06:19:22","date_gmt":"2022-03-01T06:19:22","guid":{"rendered":"https:\/\/maison-templar.com\/?post_type=product&#038;p=59"},"modified":"2026-04-11T13:43:10","modified_gmt":"2026-04-11T13:43:10","slug":"her-name-was-jackie","status":"publish","type":"product","link":"https:\/\/maison-templar.com\/en\/product-2\/her-name-was-jackie\/","title":{"rendered":"ELLE S'APPELLAIT JACKIE (Fictionalized biography)"},"content":{"rendered":"<p>Since 1995, David Lawrence has been working with the archives of President John Fitzgerald Kennedy.<\/p>\n<p>This story was praised by Frederick Vreeland, friend of the Kennedys: \"<i> I was thrilled to find Jackie again, whom I knew so well...<\/i>\u00a0\"<\/p>\n<p>As for Alain Malraux, who prefaced the novel, he shared his feelings with the author: \"<i> <\/i><i>We are with her, throughout this novel.\"<\/i><\/p>\n<ul>\n<li>Format : 21 cm x 15 cm<\/li>\n<li>Number of pages : 188<\/li>\n<\/ul>","protected":false},"excerpt":{"rendered":"<p>Since 1995, David Lawrence has been working with the archives of President John Fitzgerald Kennedy.<\/p>\n<p>This story was praised by Frederick Vreeland, friend of the Kennedys: \"<i> I was thrilled to find Jackie again, whom I knew so well...<\/i>\u00a0\"<\/p>\n<p>As for Alain Malraux, who prefaced the novel, he shared his feelings with the author: \"<i> <\/i><i>We are with her, throughout this novel.\"<\/i><\/p>\n<ul>\n<li>Format : 21 cm x 15 cm<\/li>\n<li>Number of pages : 188<\/li>\n<\/ul>","protected":false},"featured_media":60,"template":"","meta":{"_monsterinsights_skip_tracking":false,"_monsterinsights_sitenote_active":false,"_monsterinsights_sitenote_note":"","_monsterinsights_sitenote_category":0},"product_brand":[],"product_cat":[18],"product_tag":[26,27,28],"class_list":{"0":"post-59","1":"product","2":"type-product","3":"status-publish","4":"has-post-thumbnail","6":"product_cat-livres","7":"product_tag-elle-sappelait-jackie","8":"product_tag-livre-sur-jacqueline-kennedy","9":"product_tag-photo-de-jacqueline-kennedy","11":"first","12":"outofstock","13":"taxable","14":"shipping-taxable","15":"purchasable","16":"product-type-simple","17":"czr-hentry"},"yoast_head":"<!-- This site is optimized with the Yoast SEO plugin v27.3 - https:\/\/yoast.com\/product\/yoast-seo-wordpress\/ -->\n<title>ELLE S&#039;APPELAIT JACKIE (Biographie romanc\u00e9e) &#8226; Maison Templar<\/title>\n<meta name=\"robots\" content=\"index, follow, max-snippet:-1, max-image-preview:large, max-video-preview:-1\" \/>\n<link rel=\"canonical\" href=\"https:\/\/maison-templar.com\/en\/product-2\/her-name-was-jackie\/\" \/>\n<meta property=\"og:locale\" content=\"en_US\" \/>\n<meta property=\"og:type\" content=\"article\" \/>\n<meta property=\"og:title\" content=\"ELLE S&#039;APPELAIT JACKIE (Biographie romanc\u00e9e) &#8226; Maison Templar\" \/>\n<meta property=\"og:description\" content=\"Depuis 1995, David Lawrence travaille en collaboration avec les archives du Pr\u00e9sident John Fitzgerald Kennedy.  Ce r\u00e9cit a re\u00e7u les louanges de Frederick Vreeland, ami des Kennedy : \u00ab J\u2019ai retrouv\u00e9 avec \u00e9motion Jackie, que je connaissais si bien\u2026\u00a0\u00bb  Quant \u00e0 Alain Malraux, qui pr\u00e9face ce roman,\u00a0 \u00a0il livre \u00e0 l\u2019auteur ses sentiments : \u00ab Nous sommes avec elle, tout au long de ce roman. \u00bb   Format : 21 cm x 15 cm  Nombre de pages : 188\" \/>\n<meta property=\"og:url\" content=\"https:\/\/maison-templar.com\/en\/product-2\/her-name-was-jackie\/\" \/>\n<meta property=\"og:site_name\" content=\"Maison Templar\" \/>\n<meta property=\"article:publisher\" content=\"https:\/\/www.facebook.com\/Maison-Templar-103328858940286\" \/>\n<meta property=\"article:modified_time\" content=\"2026-04-11T13:43:10+00:00\" \/>\n<meta property=\"og:image\" content=\"https:\/\/maison-templar.com\/wp-content\/uploads\/2022\/03\/Photo-unique-Jacqueline-Kennedy-e1646115485957.jpeg\" \/>\n\t<meta property=\"og:image:width\" content=\"432\" \/>\n\t<meta property=\"og:image:height\" content=\"550\" \/>\n\t<meta property=\"og:image:type\" content=\"image\/jpeg\" \/>\n<meta name=\"twitter:card\" content=\"summary_large_image\" \/>\n<meta name=\"twitter:label1\" content=\"Est. reading time\" \/>\n\t<meta name=\"twitter:data1\" content=\"1 minute\" \/>\n<script type=\"application\/ld+json\" class=\"yoast-schema-graph\">{\"@context\":\"https:\\\/\\\/schema.org\",\"@graph\":[{\"@type\":[\"WebPage\",\"SearchResultsPage\"],\"@id\":\"https:\\\/\\\/maison-templar.com\\\/produit\\\/elle-sappelait-jackie\\\/\",\"url\":\"https:\\\/\\\/maison-templar.com\\\/produit\\\/elle-sappelait-jackie\\\/\",\"name\":\"ELLE S'APPELAIT JACKIE (Biographie romanc\u00e9e) &#8226; Maison Templar\",\"isPartOf\":{\"@id\":\"https:\\\/\\\/maison-templar.com\\\/#website\"},\"primaryImageOfPage\":{\"@id\":\"https:\\\/\\\/maison-templar.com\\\/produit\\\/elle-sappelait-jackie\\\/#primaryimage\"},\"image\":{\"@id\":\"https:\\\/\\\/maison-templar.com\\\/produit\\\/elle-sappelait-jackie\\\/#primaryimage\"},\"thumbnailUrl\":\"https:\\\/\\\/maison-templar.com\\\/wp-content\\\/uploads\\\/2022\\\/03\\\/Photo-unique-Jacqueline-Kennedy-e1646115485957.jpeg\",\"datePublished\":\"2022-03-01T06:19:22+00:00\",\"dateModified\":\"2026-04-11T13:43:10+00:00\",\"breadcrumb\":{\"@id\":\"https:\\\/\\\/maison-templar.com\\\/produit\\\/elle-sappelait-jackie\\\/#breadcrumb\"},\"inLanguage\":\"en-US\",\"potentialAction\":[{\"@type\":\"ReadAction\",\"target\":[\"https:\\\/\\\/maison-templar.com\\\/produit\\\/elle-sappelait-jackie\\\/\"]}]},{\"@type\":\"ImageObject\",\"inLanguage\":\"en-US\",\"@id\":\"https:\\\/\\\/maison-templar.com\\\/produit\\\/elle-sappelait-jackie\\\/#primaryimage\",\"url\":\"https:\\\/\\\/maison-templar.com\\\/wp-content\\\/uploads\\\/2022\\\/03\\\/Photo-unique-Jacqueline-Kennedy-e1646115485957.jpeg\",\"contentUrl\":\"https:\\\/\\\/maison-templar.com\\\/wp-content\\\/uploads\\\/2022\\\/03\\\/Photo-unique-Jacqueline-Kennedy-e1646115485957.jpeg\",\"width\":432,\"height\":550,\"caption\":\"Photo unique de Jacqueline Kennedy par fr\u00e9d\u00e9ric Lecomte Dieu\"},{\"@type\":\"BreadcrumbList\",\"@id\":\"https:\\\/\\\/maison-templar.com\\\/produit\\\/elle-sappelait-jackie\\\/#breadcrumb\",\"itemListElement\":[{\"@type\":\"ListItem\",\"position\":1,\"name\":\"Accueil\",\"item\":\"https:\\\/\\\/maison-templar.com\\\/\"},{\"@type\":\"ListItem\",\"position\":2,\"name\":\"Toutes nos collections\",\"item\":\"https:\\\/\\\/maison-templar.com\\\/toutes-nos-collections\\\/\"},{\"@type\":\"ListItem\",\"position\":3,\"name\":\"ELLE S&#8217;APPELAIT JACKIE (Biographie romanc\u00e9e)\"}]},{\"@type\":\"WebSite\",\"@id\":\"https:\\\/\\\/maison-templar.com\\\/#website\",\"url\":\"https:\\\/\\\/maison-templar.com\\\/\",\"name\":\"Maison Templar\",\"description\":\"Somptueux coffrets Collector \u00e0 tirage ultra-limit\u00e9s\",\"publisher\":{\"@id\":\"https:\\\/\\\/maison-templar.com\\\/#organization\"},\"potentialAction\":[{\"@type\":\"SearchAction\",\"target\":{\"@type\":\"EntryPoint\",\"urlTemplate\":\"https:\\\/\\\/maison-templar.com\\\/?s={search_term_string}\"},\"query-input\":{\"@type\":\"PropertyValueSpecification\",\"valueRequired\":true,\"valueName\":\"search_term_string\"}}],\"inLanguage\":\"en-US\"},{\"@type\":\"Organization\",\"@id\":\"https:\\\/\\\/maison-templar.com\\\/#organization\",\"name\":\"Maison Templar\",\"url\":\"https:\\\/\\\/maison-templar.com\\\/\",\"logo\":{\"@type\":\"ImageObject\",\"inLanguage\":\"en-US\",\"@id\":\"https:\\\/\\\/maison-templar.com\\\/#\\\/schema\\\/logo\\\/image\\\/\",\"url\":\"https:\\\/\\\/maison-templar.com\\\/wp-content\\\/uploads\\\/2022\\\/03\\\/Logo-Maison-Templar-Noir.png\",\"contentUrl\":\"https:\\\/\\\/maison-templar.com\\\/wp-content\\\/uploads\\\/2022\\\/03\\\/Logo-Maison-Templar-Noir.png\",\"width\":2020,\"height\":340,\"caption\":\"Maison Templar\"},\"image\":{\"@id\":\"https:\\\/\\\/maison-templar.com\\\/#\\\/schema\\\/logo\\\/image\\\/\"},\"sameAs\":[\"https:\\\/\\\/www.facebook.com\\\/Maison-Templar-103328858940286\",\"https:\\\/\\\/www.instagram.com\\\/maison_templar_\\\/\",\"https:\\\/\\\/www.linkedin.com\\\/company\\\/maison-templar-presse\\\/about\\\/\"]}]}<\/script>\n<!-- \/ Yoast SEO plugin. -->","yoast_head_json":{"title":"HER NAME WAS JACKIE (fictionalized biography) - Maison Templar","robots":{"index":"index","follow":"follow","max-snippet":"max-snippet:-1","max-image-preview":"max-image-preview:large","max-video-preview":"max-video-preview:-1"},"canonical":"https:\/\/maison-templar.com\/en\/product-2\/her-name-was-jackie\/","og_locale":"en_US","og_type":"article","og_title":"ELLE S'APPELAIT JACKIE (Biographie romanc\u00e9e) &#8226; Maison Templar","og_description":"Depuis 1995, David Lawrence travaille en collaboration avec les archives du Pr\u00e9sident John Fitzgerald Kennedy.  Ce r\u00e9cit a re\u00e7u les louanges de Frederick Vreeland, ami des Kennedy : \u00ab J\u2019ai retrouv\u00e9 avec \u00e9motion Jackie, que je connaissais si bien\u2026\u00a0\u00bb  Quant \u00e0 Alain Malraux, qui pr\u00e9face ce roman,\u00a0 \u00a0il livre \u00e0 l\u2019auteur ses sentiments : \u00ab Nous sommes avec elle, tout au long de ce roman. \u00bb   Format : 21 cm x 15 cm  Nombre de pages : 188","og_url":"https:\/\/maison-templar.com\/en\/product-2\/her-name-was-jackie\/","og_site_name":"Maison Templar","article_publisher":"https:\/\/www.facebook.com\/Maison-Templar-103328858940286","article_modified_time":"2026-04-11T13:43:10+00:00","og_image":[{"width":432,"height":550,"url":"https:\/\/maison-templar.com\/wp-content\/uploads\/2022\/03\/Photo-unique-Jacqueline-Kennedy-e1646115485957.jpeg","type":"image\/jpeg"}],"twitter_card":"summary_large_image","twitter_misc":{"Est. reading time":"1 minute"},"schema":{"@context":"https:\/\/schema.org","@graph":[{"@type":["WebPage","SearchResultsPage"],"@id":"https:\/\/maison-templar.com\/produit\/elle-sappelait-jackie\/","url":"https:\/\/maison-templar.com\/produit\/elle-sappelait-jackie\/","name":"HER NAME WAS JACKIE (fictionalized biography) - Maison Templar","isPartOf":{"@id":"https:\/\/maison-templar.com\/#website"},"primaryImageOfPage":{"@id":"https:\/\/maison-templar.com\/produit\/elle-sappelait-jackie\/#primaryimage"},"image":{"@id":"https:\/\/maison-templar.com\/produit\/elle-sappelait-jackie\/#primaryimage"},"thumbnailUrl":"https:\/\/maison-templar.com\/wp-content\/uploads\/2022\/03\/Photo-unique-Jacqueline-Kennedy-e1646115485957.jpeg","datePublished":"2022-03-01T06:19:22+00:00","dateModified":"2026-04-11T13:43:10+00:00","breadcrumb":{"@id":"https:\/\/maison-templar.com\/produit\/elle-sappelait-jackie\/#breadcrumb"},"inLanguage":"en-US","potentialAction":[{"@type":"ReadAction","target":["https:\/\/maison-templar.com\/produit\/elle-sappelait-jackie\/"]}]},{"@type":"ImageObject","inLanguage":"en-US","@id":"https:\/\/maison-templar.com\/produit\/elle-sappelait-jackie\/#primaryimage","url":"https:\/\/maison-templar.com\/wp-content\/uploads\/2022\/03\/Photo-unique-Jacqueline-Kennedy-e1646115485957.jpeg","contentUrl":"https:\/\/maison-templar.com\/wp-content\/uploads\/2022\/03\/Photo-unique-Jacqueline-Kennedy-e1646115485957.jpeg","width":432,"height":550,"caption":"Photo unique de Jacqueline Kennedy par fr\u00e9d\u00e9ric Lecomte Dieu"},{"@type":"BreadcrumbList","@id":"https:\/\/maison-templar.com\/produit\/elle-sappelait-jackie\/#breadcrumb","itemListElement":[{"@type":"ListItem","position":1,"name":"Accueil","item":"https:\/\/maison-templar.com\/"},{"@type":"ListItem","position":2,"name":"Toutes nos collections","item":"https:\/\/maison-templar.com\/toutes-nos-collections\/"},{"@type":"ListItem","position":3,"name":"ELLE S&#8217;APPELAIT JACKIE (Biographie romanc\u00e9e)"}]},{"@type":"WebSite","@id":"https:\/\/maison-templar.com\/#website","url":"https:\/\/maison-templar.com\/","name":"Maison Templar","description":"Sumptuous Collector's Boxes with ultra-limited edition","publisher":{"@id":"https:\/\/maison-templar.com\/#organization"},"potentialAction":[{"@type":"SearchAction","target":{"@type":"EntryPoint","urlTemplate":"https:\/\/maison-templar.com\/?s={search_term_string}"},"query-input":{"@type":"PropertyValueSpecification","valueRequired":true,"valueName":"search_term_string"}}],"inLanguage":"en-US"},{"@type":"Organization","@id":"https:\/\/maison-templar.com\/#organization","name":"Maison Templar","url":"https:\/\/maison-templar.com\/","logo":{"@type":"ImageObject","inLanguage":"en-US","@id":"https:\/\/maison-templar.com\/#\/schema\/logo\/image\/","url":"https:\/\/maison-templar.com\/wp-content\/uploads\/2022\/03\/Logo-Maison-Templar-Noir.png","contentUrl":"https:\/\/maison-templar.com\/wp-content\/uploads\/2022\/03\/Logo-Maison-Templar-Noir.png","width":2020,"height":340,"caption":"Maison Templar"},"image":{"@id":"https:\/\/maison-templar.com\/#\/schema\/logo\/image\/"},"sameAs":["https:\/\/www.facebook.com\/Maison-Templar-103328858940286","https:\/\/www.instagram.com\/maison_templar_\/","https:\/\/www.linkedin.com\/company\/maison-templar-presse\/about\/"]}]}},"_links":{"self":[{"href":"https:\/\/maison-templar.com\/en\/wp-json\/wp\/v2\/product\/59","targetHints":{"allow":["GET"]}}],"collection":[{"href":"https:\/\/maison-templar.com\/en\/wp-json\/wp\/v2\/product"}],"about":[{"href":"https:\/\/maison-templar.com\/en\/wp-json\/wp\/v2\/types\/product"}],"wp:featuredmedia":[{"embeddable":true,"href":"https:\/\/maison-templar.com\/en\/wp-json\/wp\/v2\/media\/60"}],"wp:attachment":[{"href":"https:\/\/maison-templar.com\/en\/wp-json\/wp\/v2\/media?parent=59"}],"wp:term":[{"taxonomy":"product_brand","embeddable":true,"href":"https:\/\/maison-templar.com\/en\/wp-json\/wp\/v2\/product_brand?post=59"},{"taxonomy":"product_cat","embeddable":true,"href":"https:\/\/maison-templar.com\/en\/wp-json\/wp\/v2\/product_cat?post=59"},{"taxonomy":"product_tag","embeddable":true,"href":"https:\/\/maison-templar.com\/en\/wp-json\/wp\/v2\/product_tag?post=59"}],"curies":[{"name":"wp","href":"https:\/\/api.w.org\/{rel}","templated":true}]}}