{"id":67,"date":"2022-03-01T06:28:15","date_gmt":"2022-03-01T06:28:15","guid":{"rendered":"https:\/\/maison-templar.com\/?post_type=product&#038;p=67"},"modified":"2026-04-11T13:42:50","modified_gmt":"2026-04-11T13:42:50","slug":"jackie-and-the-kennedy","status":"publish","type":"product","link":"https:\/\/maison-templar.com\/en\/product-2\/jackie-and-the-kennedy\/","title":{"rendered":"JACKIE AND THE KENNEDY"},"content":{"rendered":"<p>The superb exhibition catalog<i>\u00a0Jackie and the Kennedys<\/i>presented outdoors in the seaside resort of Biarritz during the summer of 2022. Over a million visitors.<\/p>\n<ul>\n<li>160 rare and unpublished photographs<\/li>\n<li>160 comments, rare, unpublished.<\/li>\n<\/ul>\n<p>It is prefaced by Alain Malraux, C\u00e9cilia Attias, Francis Huster, Frederick Vreeland, US Ambassador, member of the US National Security Council, Marisa Berenson and Federico Mayor, Director-General of UNESCO (1987-1999).<\/p>\n<ul>\n<li>Format: 23 cm x 23 cm.<\/li>\n<li>Deluxe cover.<\/li>\n<li>Number of pages: 410 pages<\/li>\n<li>Weight: 1,5 kg<\/li>\n<\/ul>\n<p>&nbsp;<\/p>\n<p>&nbsp;<\/p>","protected":false},"excerpt":{"rendered":"<p>The superb exhibition catalog<i>\u00a0Jackie and the Kennedys<\/i>presented outdoors in the seaside resort of Biarritz during the summer of 2022. Over a million visitors.<\/p>\n<ul>\n<li>160 rare and unpublished photographs<\/li>\n<li>160 comments, rare, unpublished.<\/li>\n<\/ul>\n<p>It is prefaced by Alain Malraux, C\u00e9cilia Attias, Francis Huster, Frederick Vreeland, US Ambassador, member of the US National Security Council, Marisa Berenson and Federico Mayor, Director-General of UNESCO (1987-1999).<\/p>\n<ul>\n<li>Format: 23 cm x 23 cm.<\/li>\n<li>Deluxe cover.<\/li>\n<li>Number of pages: 410 pages<\/li>\n<li>Weight: 1,5 kg<\/li>\n<\/ul>\n<p>&nbsp;<\/p>\n<p>&nbsp;<\/p>","protected":false},"featured_media":68,"template":"","meta":{"_monsterinsights_skip_tracking":false,"_monsterinsights_sitenote_active":false,"_monsterinsights_sitenote_note":"","_monsterinsights_sitenote_category":0},"product_brand":[],"product_cat":[16],"product_tag":[32,27],"class_list":{"0":"post-67","1":"product","2":"type-product","3":"status-publish","4":"has-post-thumbnail","6":"product_cat-non-classe","7":"product_tag-catalogue-exposition-jackie-et-les-kennedy","8":"product_tag-livre-sur-jacqueline-kennedy","10":"first","11":"outofstock","12":"taxable","13":"shipping-taxable","14":"purchasable","15":"product-type-simple","16":"czr-hentry"},"yoast_head":"<!-- This site is optimized with the Yoast SEO plugin v27.3 - https:\/\/yoast.com\/product\/yoast-seo-wordpress\/ -->\n<title>JACKIE ET LES KENNEDY &#8226; Maison Templar<\/title>\n<meta name=\"robots\" content=\"index, follow, max-snippet:-1, max-image-preview:large, max-video-preview:-1\" \/>\n<link rel=\"canonical\" href=\"https:\/\/maison-templar.com\/en\/product-2\/jackie-and-the-kennedy\/\" \/>\n<meta property=\"og:locale\" content=\"en_US\" \/>\n<meta property=\"og:type\" content=\"article\" \/>\n<meta property=\"og:title\" content=\"JACKIE ET LES KENNEDY &#8226; Maison Templar\" \/>\n<meta property=\"og:description\" content=\"Le superbe catalogue\u00a0de l&#039;exposition\u00a0Jackie et les Kennedy, pr\u00e9sent\u00e9e en ext\u00e9rieur dans la station baln\u00e9aire de Biarritz au cours de l&#039;\u00e9t\u00e9 2022. Plus d&#039;un million de visiteurs.   160 photographies, rares, in\u00e9dites  160 commentaires, rares, in\u00e9dits.  Il est pr\u00e9fac\u00e9 par Alain Malraux, C\u00e9cilia Attias, Francis Huster, Frederick Vreeland, Ambassadeur des USA, membre de la S\u00e9curit\u00e9 Nationale des Etats-Unis, Marisa Berenson et Federico Mayor, directeur g\u00e9n\u00e9ral de l\u2019UNESCO (1987-1999).   Format:\u00a0 23 cm x 23 cm.  Couverture luxe.  Nombre de pages: 410 pages  Poids: 1,5 kg  &nbsp;  &nbsp;\" \/>\n<meta property=\"og:url\" content=\"https:\/\/maison-templar.com\/en\/product-2\/jackie-and-the-kennedy\/\" \/>\n<meta property=\"og:site_name\" content=\"Maison Templar\" \/>\n<meta property=\"article:publisher\" content=\"https:\/\/www.facebook.com\/Maison-Templar-103328858940286\" \/>\n<meta property=\"article:modified_time\" content=\"2026-04-11T13:42:50+00:00\" \/>\n<meta property=\"og:image\" content=\"https:\/\/maison-templar.com\/wp-content\/uploads\/2022\/03\/Album-Jackie-et-les-kenndy.jpg\" \/>\n\t<meta property=\"og:image:width\" content=\"720\" \/>\n\t<meta property=\"og:image:height\" content=\"766\" \/>\n\t<meta property=\"og:image:type\" content=\"image\/jpeg\" \/>\n<meta name=\"twitter:card\" content=\"summary_large_image\" \/>\n<meta name=\"twitter:label1\" content=\"Est. reading time\" \/>\n\t<meta name=\"twitter:data1\" content=\"1 minute\" \/>\n<script type=\"application\/ld+json\" class=\"yoast-schema-graph\">{\"@context\":\"https:\\\/\\\/schema.org\",\"@graph\":[{\"@type\":[\"WebPage\",\"SearchResultsPage\"],\"@id\":\"https:\\\/\\\/maison-templar.com\\\/produit\\\/jackie-et-les-kennedy\\\/\",\"url\":\"https:\\\/\\\/maison-templar.com\\\/produit\\\/jackie-et-les-kennedy\\\/\",\"name\":\"JACKIE ET LES KENNEDY &#8226; Maison Templar\",\"isPartOf\":{\"@id\":\"https:\\\/\\\/maison-templar.com\\\/#website\"},\"primaryImageOfPage\":{\"@id\":\"https:\\\/\\\/maison-templar.com\\\/produit\\\/jackie-et-les-kennedy\\\/#primaryimage\"},\"image\":{\"@id\":\"https:\\\/\\\/maison-templar.com\\\/produit\\\/jackie-et-les-kennedy\\\/#primaryimage\"},\"thumbnailUrl\":\"https:\\\/\\\/maison-templar.com\\\/wp-content\\\/uploads\\\/2022\\\/03\\\/Album-Jackie-et-les-kenndy.jpg\",\"datePublished\":\"2022-03-01T06:28:15+00:00\",\"dateModified\":\"2026-04-11T13:42:50+00:00\",\"breadcrumb\":{\"@id\":\"https:\\\/\\\/maison-templar.com\\\/produit\\\/jackie-et-les-kennedy\\\/#breadcrumb\"},\"inLanguage\":\"en-US\",\"potentialAction\":[{\"@type\":\"ReadAction\",\"target\":[\"https:\\\/\\\/maison-templar.com\\\/produit\\\/jackie-et-les-kennedy\\\/\"]}]},{\"@type\":\"ImageObject\",\"inLanguage\":\"en-US\",\"@id\":\"https:\\\/\\\/maison-templar.com\\\/produit\\\/jackie-et-les-kennedy\\\/#primaryimage\",\"url\":\"https:\\\/\\\/maison-templar.com\\\/wp-content\\\/uploads\\\/2022\\\/03\\\/Album-Jackie-et-les-kenndy.jpg\",\"contentUrl\":\"https:\\\/\\\/maison-templar.com\\\/wp-content\\\/uploads\\\/2022\\\/03\\\/Album-Jackie-et-les-kenndy.jpg\",\"width\":720,\"height\":766,\"caption\":\"Album Jackie et les kenndy\"},{\"@type\":\"BreadcrumbList\",\"@id\":\"https:\\\/\\\/maison-templar.com\\\/produit\\\/jackie-et-les-kennedy\\\/#breadcrumb\",\"itemListElement\":[{\"@type\":\"ListItem\",\"position\":1,\"name\":\"Accueil\",\"item\":\"https:\\\/\\\/maison-templar.com\\\/\"},{\"@type\":\"ListItem\",\"position\":2,\"name\":\"Toutes nos collections\",\"item\":\"https:\\\/\\\/maison-templar.com\\\/toutes-nos-collections\\\/\"},{\"@type\":\"ListItem\",\"position\":3,\"name\":\"JACKIE ET LES KENNEDY\"}]},{\"@type\":\"WebSite\",\"@id\":\"https:\\\/\\\/maison-templar.com\\\/#website\",\"url\":\"https:\\\/\\\/maison-templar.com\\\/\",\"name\":\"Maison Templar\",\"description\":\"Somptueux coffrets Collector \u00e0 tirage ultra-limit\u00e9s\",\"publisher\":{\"@id\":\"https:\\\/\\\/maison-templar.com\\\/#organization\"},\"potentialAction\":[{\"@type\":\"SearchAction\",\"target\":{\"@type\":\"EntryPoint\",\"urlTemplate\":\"https:\\\/\\\/maison-templar.com\\\/?s={search_term_string}\"},\"query-input\":{\"@type\":\"PropertyValueSpecification\",\"valueRequired\":true,\"valueName\":\"search_term_string\"}}],\"inLanguage\":\"en-US\"},{\"@type\":\"Organization\",\"@id\":\"https:\\\/\\\/maison-templar.com\\\/#organization\",\"name\":\"Maison Templar\",\"url\":\"https:\\\/\\\/maison-templar.com\\\/\",\"logo\":{\"@type\":\"ImageObject\",\"inLanguage\":\"en-US\",\"@id\":\"https:\\\/\\\/maison-templar.com\\\/#\\\/schema\\\/logo\\\/image\\\/\",\"url\":\"https:\\\/\\\/maison-templar.com\\\/wp-content\\\/uploads\\\/2022\\\/03\\\/Logo-Maison-Templar-Noir.png\",\"contentUrl\":\"https:\\\/\\\/maison-templar.com\\\/wp-content\\\/uploads\\\/2022\\\/03\\\/Logo-Maison-Templar-Noir.png\",\"width\":2020,\"height\":340,\"caption\":\"Maison Templar\"},\"image\":{\"@id\":\"https:\\\/\\\/maison-templar.com\\\/#\\\/schema\\\/logo\\\/image\\\/\"},\"sameAs\":[\"https:\\\/\\\/www.facebook.com\\\/Maison-Templar-103328858940286\",\"https:\\\/\\\/www.instagram.com\\\/maison_templar_\\\/\",\"https:\\\/\\\/www.linkedin.com\\\/company\\\/maison-templar-presse\\\/about\\\/\"]}]}<\/script>\n<!-- \/ Yoast SEO plugin. -->","yoast_head_json":{"title":"JACKIE AND THE KENNEDYS - Templar House","robots":{"index":"index","follow":"follow","max-snippet":"max-snippet:-1","max-image-preview":"max-image-preview:large","max-video-preview":"max-video-preview:-1"},"canonical":"https:\/\/maison-templar.com\/en\/product-2\/jackie-and-the-kennedy\/","og_locale":"en_US","og_type":"article","og_title":"JACKIE ET LES KENNEDY &#8226; Maison Templar","og_description":"Le superbe catalogue\u00a0de l'exposition\u00a0Jackie et les Kennedy, pr\u00e9sent\u00e9e en ext\u00e9rieur dans la station baln\u00e9aire de Biarritz au cours de l'\u00e9t\u00e9 2022. Plus d'un million de visiteurs.   160 photographies, rares, in\u00e9dites  160 commentaires, rares, in\u00e9dits.  Il est pr\u00e9fac\u00e9 par Alain Malraux, C\u00e9cilia Attias, Francis Huster, Frederick Vreeland, Ambassadeur des USA, membre de la S\u00e9curit\u00e9 Nationale des Etats-Unis, Marisa Berenson et Federico Mayor, directeur g\u00e9n\u00e9ral de l\u2019UNESCO (1987-1999).   Format:\u00a0 23 cm x 23 cm.  Couverture luxe.  Nombre de pages: 410 pages  Poids: 1,5 kg  &nbsp;  &nbsp;","og_url":"https:\/\/maison-templar.com\/en\/product-2\/jackie-and-the-kennedy\/","og_site_name":"Maison Templar","article_publisher":"https:\/\/www.facebook.com\/Maison-Templar-103328858940286","article_modified_time":"2026-04-11T13:42:50+00:00","og_image":[{"width":720,"height":766,"url":"https:\/\/maison-templar.com\/wp-content\/uploads\/2022\/03\/Album-Jackie-et-les-kenndy.jpg","type":"image\/jpeg"}],"twitter_card":"summary_large_image","twitter_misc":{"Est. reading time":"1 minute"},"schema":{"@context":"https:\/\/schema.org","@graph":[{"@type":["WebPage","SearchResultsPage"],"@id":"https:\/\/maison-templar.com\/produit\/jackie-et-les-kennedy\/","url":"https:\/\/maison-templar.com\/produit\/jackie-et-les-kennedy\/","name":"JACKIE AND THE KENNEDYS - Templar House","isPartOf":{"@id":"https:\/\/maison-templar.com\/#website"},"primaryImageOfPage":{"@id":"https:\/\/maison-templar.com\/produit\/jackie-et-les-kennedy\/#primaryimage"},"image":{"@id":"https:\/\/maison-templar.com\/produit\/jackie-et-les-kennedy\/#primaryimage"},"thumbnailUrl":"https:\/\/maison-templar.com\/wp-content\/uploads\/2022\/03\/Album-Jackie-et-les-kenndy.jpg","datePublished":"2022-03-01T06:28:15+00:00","dateModified":"2026-04-11T13:42:50+00:00","breadcrumb":{"@id":"https:\/\/maison-templar.com\/produit\/jackie-et-les-kennedy\/#breadcrumb"},"inLanguage":"en-US","potentialAction":[{"@type":"ReadAction","target":["https:\/\/maison-templar.com\/produit\/jackie-et-les-kennedy\/"]}]},{"@type":"ImageObject","inLanguage":"en-US","@id":"https:\/\/maison-templar.com\/produit\/jackie-et-les-kennedy\/#primaryimage","url":"https:\/\/maison-templar.com\/wp-content\/uploads\/2022\/03\/Album-Jackie-et-les-kenndy.jpg","contentUrl":"https:\/\/maison-templar.com\/wp-content\/uploads\/2022\/03\/Album-Jackie-et-les-kenndy.jpg","width":720,"height":766,"caption":"Album Jackie et les kenndy"},{"@type":"BreadcrumbList","@id":"https:\/\/maison-templar.com\/produit\/jackie-et-les-kennedy\/#breadcrumb","itemListElement":[{"@type":"ListItem","position":1,"name":"Accueil","item":"https:\/\/maison-templar.com\/"},{"@type":"ListItem","position":2,"name":"Toutes nos collections","item":"https:\/\/maison-templar.com\/toutes-nos-collections\/"},{"@type":"ListItem","position":3,"name":"JACKIE ET LES KENNEDY"}]},{"@type":"WebSite","@id":"https:\/\/maison-templar.com\/#website","url":"https:\/\/maison-templar.com\/","name":"Maison Templar","description":"Sumptuous Collector's Boxes with ultra-limited edition","publisher":{"@id":"https:\/\/maison-templar.com\/#organization"},"potentialAction":[{"@type":"SearchAction","target":{"@type":"EntryPoint","urlTemplate":"https:\/\/maison-templar.com\/?s={search_term_string}"},"query-input":{"@type":"PropertyValueSpecification","valueRequired":true,"valueName":"search_term_string"}}],"inLanguage":"en-US"},{"@type":"Organization","@id":"https:\/\/maison-templar.com\/#organization","name":"Maison Templar","url":"https:\/\/maison-templar.com\/","logo":{"@type":"ImageObject","inLanguage":"en-US","@id":"https:\/\/maison-templar.com\/#\/schema\/logo\/image\/","url":"https:\/\/maison-templar.com\/wp-content\/uploads\/2022\/03\/Logo-Maison-Templar-Noir.png","contentUrl":"https:\/\/maison-templar.com\/wp-content\/uploads\/2022\/03\/Logo-Maison-Templar-Noir.png","width":2020,"height":340,"caption":"Maison Templar"},"image":{"@id":"https:\/\/maison-templar.com\/#\/schema\/logo\/image\/"},"sameAs":["https:\/\/www.facebook.com\/Maison-Templar-103328858940286","https:\/\/www.instagram.com\/maison_templar_\/","https:\/\/www.linkedin.com\/company\/maison-templar-presse\/about\/"]}]}},"_links":{"self":[{"href":"https:\/\/maison-templar.com\/en\/wp-json\/wp\/v2\/product\/67","targetHints":{"allow":["GET"]}}],"collection":[{"href":"https:\/\/maison-templar.com\/en\/wp-json\/wp\/v2\/product"}],"about":[{"href":"https:\/\/maison-templar.com\/en\/wp-json\/wp\/v2\/types\/product"}],"wp:featuredmedia":[{"embeddable":true,"href":"https:\/\/maison-templar.com\/en\/wp-json\/wp\/v2\/media\/68"}],"wp:attachment":[{"href":"https:\/\/maison-templar.com\/en\/wp-json\/wp\/v2\/media?parent=67"}],"wp:term":[{"taxonomy":"product_brand","embeddable":true,"href":"https:\/\/maison-templar.com\/en\/wp-json\/wp\/v2\/product_brand?post=67"},{"taxonomy":"product_cat","embeddable":true,"href":"https:\/\/maison-templar.com\/en\/wp-json\/wp\/v2\/product_cat?post=67"},{"taxonomy":"product_tag","embeddable":true,"href":"https:\/\/maison-templar.com\/en\/wp-json\/wp\/v2\/product_tag?post=67"}],"curies":[{"name":"wp","href":"https:\/\/api.w.org\/{rel}","templated":true}]}}