{"id":929,"date":"2025-11-27T12:13:01","date_gmt":"2025-11-27T12:13:01","guid":{"rendered":"https:\/\/maison-templar.com\/?post_type=product&#038;p=929"},"modified":"2026-04-11T13:39:24","modified_gmt":"2026-04-11T13:39:24","slug":"marilyn-monroe-le-secret-de-lamerique-catalog","status":"publish","type":"product","link":"https:\/\/maison-templar.com\/en\/product-2\/marilyn-monroe-le-secret-de-lamerique-catalog\/","title":{"rendered":"Marilyn Monroe: America's Secret"},"content":{"rendered":"<p>Marilyn Monroe, America's Secret, is a first in its own right.<\/p>\n<p>Through more than 220 photographs, accompanied by texts by David Lawrence, this album introduces readers to the main characters in Norma Jeane's and Marilyn Monroe's career.<\/p>\n<p>His curiosity, his greed for Anglo-Saxon and French literature, his passion for painters as diverse as Vincent Van Gogh, for Auguste Rodin, for poets such as Walt Whitman. His friendships with Norman Rosten, Karen Blixen and the insolent Truman Capote. Joe DiMaggio and the hope of true love: Arthur Miller.<\/p>\n<p>The emotion is dense, palpable. As we go along, step by step, we move away from the lies and clich\u00e9s to get closer to the truth.<\/p>\n<p>If the title evokes the impenetrable, there is indeed a secret to unravel before leaving this luxurious album. Not the mystery of his disappearance, but the essence of his being.<\/p>\n<p>To lose Marilyn Monroe was to lose an ally of words. The official supporter of those left behind in American society. The voice of those exiled for their various commitments, in an America fiercely opposed to communism and all its forms.<\/p>\n<p>To lose Marilyn Monroe was to lose the official support of the African-American community, whose basic rights had been scorned.<\/p>\n<p>Marilyn loved the other. Without naivety.<\/p>","protected":false},"excerpt":{"rendered":"<h4>Marilyn Monroe, America's Secret<\/h4>\n<p>Collector's album with over 200 photographs and commentary by David Lawrence .<\/p>\n<p>Foreword by Francis Huster<\/p>\n<p>Format 30 cm x 30 cm<br \/>\n480 pages<\/p>\n<p>Author: David Lawrence.<\/p>","protected":false},"featured_media":3274,"template":"","meta":{"_monsterinsights_skip_tracking":false,"_monsterinsights_sitenote_active":false,"_monsterinsights_sitenote_note":"","_monsterinsights_sitenote_category":0},"product_brand":[],"product_cat":[16],"product_tag":[121],"class_list":{"0":"post-929","1":"product","2":"type-product","3":"status-publish","4":"has-post-thumbnail","6":"product_cat-non-classe","7":"product_tag-photographies-de-marilyn-monroe","9":"first","10":"outofstock","11":"taxable","12":"shipping-taxable","13":"purchasable","14":"product-type-simple","15":"czr-hentry"},"yoast_head":"<!-- This site is optimized with the Yoast SEO plugin v27.3 - https:\/\/yoast.com\/product\/yoast-seo-wordpress\/ -->\n<title>Marilyn Monroe : Le secret de l&#039;Am\u00e9rique<\/title>\n<meta name=\"description\" content=\"Le Catalogue Marilyn Monroe : Le secret de l&#039;Am\u00e9rique \u00e0 retrouver \u00e0 l&#039;achat exclusivement sur Maison Templar\" \/>\n<meta name=\"robots\" content=\"index, follow, max-snippet:-1, max-image-preview:large, max-video-preview:-1\" \/>\n<link rel=\"canonical\" href=\"https:\/\/maison-templar.com\/en\/product-2\/marilyn-monroe-le-secret-de-lamerique-catalog\/\" \/>\n<meta property=\"og:locale\" content=\"en_US\" \/>\n<meta property=\"og:type\" content=\"article\" \/>\n<meta property=\"og:title\" content=\"Marilyn Monroe : Le secret de l&#039;Am\u00e9rique\" \/>\n<meta property=\"og:description\" content=\"Le Catalogue Marilyn Monroe : Le secret de l&#039;Am\u00e9rique \u00e0 retrouver \u00e0 l&#039;achat exclusivement sur Maison Templar\" \/>\n<meta property=\"og:url\" content=\"https:\/\/maison-templar.com\/en\/product-2\/marilyn-monroe-le-secret-de-lamerique-catalog\/\" \/>\n<meta property=\"og:site_name\" content=\"Maison Templar\" \/>\n<meta property=\"article:publisher\" content=\"https:\/\/www.facebook.com\/Maison-Templar-103328858940286\" \/>\n<meta property=\"article:modified_time\" content=\"2026-04-11T13:39:24+00:00\" \/>\n<meta property=\"og:image\" content=\"https:\/\/maison-templar.com\/wp-content\/uploads\/2025\/11\/Image-2.png\" \/>\n\t<meta property=\"og:image:width\" content=\"1024\" \/>\n\t<meta property=\"og:image:height\" content=\"1024\" \/>\n\t<meta property=\"og:image:type\" content=\"image\/png\" \/>\n<meta name=\"twitter:card\" content=\"summary_large_image\" \/>\n<meta name=\"twitter:label1\" content=\"Est. reading time\" \/>\n\t<meta name=\"twitter:data1\" content=\"2 minutes\" \/>\n<script type=\"application\/ld+json\" class=\"yoast-schema-graph\">{\"@context\":\"https:\\\/\\\/schema.org\",\"@graph\":[{\"@type\":[\"WebPage\",\"SearchResultsPage\"],\"@id\":\"https:\\\/\\\/maison-templar.com\\\/produit\\\/le-catalogue-marilyn-monroe-le-secret-de-lamerique\\\/\",\"url\":\"https:\\\/\\\/maison-templar.com\\\/produit\\\/le-catalogue-marilyn-monroe-le-secret-de-lamerique\\\/\",\"name\":\"Marilyn Monroe : Le secret de l'Am\u00e9rique\",\"isPartOf\":{\"@id\":\"https:\\\/\\\/maison-templar.com\\\/#website\"},\"primaryImageOfPage\":{\"@id\":\"https:\\\/\\\/maison-templar.com\\\/produit\\\/le-catalogue-marilyn-monroe-le-secret-de-lamerique\\\/#primaryimage\"},\"image\":{\"@id\":\"https:\\\/\\\/maison-templar.com\\\/produit\\\/le-catalogue-marilyn-monroe-le-secret-de-lamerique\\\/#primaryimage\"},\"thumbnailUrl\":\"https:\\\/\\\/maison-templar.com\\\/wp-content\\\/uploads\\\/2025\\\/11\\\/Image-2.png\",\"datePublished\":\"2025-11-27T12:13:01+00:00\",\"dateModified\":\"2026-04-11T13:39:24+00:00\",\"description\":\"Le Catalogue Marilyn Monroe : Le secret de l'Am\u00e9rique \u00e0 retrouver \u00e0 l'achat exclusivement sur Maison Templar\",\"breadcrumb\":{\"@id\":\"https:\\\/\\\/maison-templar.com\\\/produit\\\/le-catalogue-marilyn-monroe-le-secret-de-lamerique\\\/#breadcrumb\"},\"inLanguage\":\"en-US\",\"potentialAction\":[{\"@type\":\"ReadAction\",\"target\":[\"https:\\\/\\\/maison-templar.com\\\/produit\\\/le-catalogue-marilyn-monroe-le-secret-de-lamerique\\\/\"]}]},{\"@type\":\"ImageObject\",\"inLanguage\":\"en-US\",\"@id\":\"https:\\\/\\\/maison-templar.com\\\/produit\\\/le-catalogue-marilyn-monroe-le-secret-de-lamerique\\\/#primaryimage\",\"url\":\"https:\\\/\\\/maison-templar.com\\\/wp-content\\\/uploads\\\/2025\\\/11\\\/Image-2.png\",\"contentUrl\":\"https:\\\/\\\/maison-templar.com\\\/wp-content\\\/uploads\\\/2025\\\/11\\\/Image-2.png\",\"width\":1024,\"height\":1024},{\"@type\":\"BreadcrumbList\",\"@id\":\"https:\\\/\\\/maison-templar.com\\\/produit\\\/le-catalogue-marilyn-monroe-le-secret-de-lamerique\\\/#breadcrumb\",\"itemListElement\":[{\"@type\":\"ListItem\",\"position\":1,\"name\":\"Accueil\",\"item\":\"https:\\\/\\\/maison-templar.com\\\/\"},{\"@type\":\"ListItem\",\"position\":2,\"name\":\"Toutes nos collections\",\"item\":\"https:\\\/\\\/maison-templar.com\\\/toutes-nos-collections\\\/\"},{\"@type\":\"ListItem\",\"position\":3,\"name\":\"Marilyn Monroe : Le secret de l&#8217;Am\u00e9rique\"}]},{\"@type\":\"WebSite\",\"@id\":\"https:\\\/\\\/maison-templar.com\\\/#website\",\"url\":\"https:\\\/\\\/maison-templar.com\\\/\",\"name\":\"Maison Templar\",\"description\":\"Somptueux coffrets Collector \u00e0 tirage ultra-limit\u00e9s\",\"publisher\":{\"@id\":\"https:\\\/\\\/maison-templar.com\\\/#organization\"},\"potentialAction\":[{\"@type\":\"SearchAction\",\"target\":{\"@type\":\"EntryPoint\",\"urlTemplate\":\"https:\\\/\\\/maison-templar.com\\\/?s={search_term_string}\"},\"query-input\":{\"@type\":\"PropertyValueSpecification\",\"valueRequired\":true,\"valueName\":\"search_term_string\"}}],\"inLanguage\":\"en-US\"},{\"@type\":\"Organization\",\"@id\":\"https:\\\/\\\/maison-templar.com\\\/#organization\",\"name\":\"Maison Templar\",\"url\":\"https:\\\/\\\/maison-templar.com\\\/\",\"logo\":{\"@type\":\"ImageObject\",\"inLanguage\":\"en-US\",\"@id\":\"https:\\\/\\\/maison-templar.com\\\/#\\\/schema\\\/logo\\\/image\\\/\",\"url\":\"https:\\\/\\\/maison-templar.com\\\/wp-content\\\/uploads\\\/2022\\\/03\\\/Logo-Maison-Templar-Noir.png\",\"contentUrl\":\"https:\\\/\\\/maison-templar.com\\\/wp-content\\\/uploads\\\/2022\\\/03\\\/Logo-Maison-Templar-Noir.png\",\"width\":2020,\"height\":340,\"caption\":\"Maison Templar\"},\"image\":{\"@id\":\"https:\\\/\\\/maison-templar.com\\\/#\\\/schema\\\/logo\\\/image\\\/\"},\"sameAs\":[\"https:\\\/\\\/www.facebook.com\\\/Maison-Templar-103328858940286\",\"https:\\\/\\\/www.instagram.com\\\/maison_templar_\\\/\",\"https:\\\/\\\/www.linkedin.com\\\/company\\\/maison-templar-presse\\\/about\\\/\"]}]}<\/script>\n<!-- \/ Yoast SEO plugin. -->","yoast_head_json":{"title":"Marilyn Monroe: America's Secret","description":"The Marilyn Monroe: America's Secret catalog available to buy exclusively from Maison Templar","robots":{"index":"index","follow":"follow","max-snippet":"max-snippet:-1","max-image-preview":"max-image-preview:large","max-video-preview":"max-video-preview:-1"},"canonical":"https:\/\/maison-templar.com\/en\/product-2\/marilyn-monroe-le-secret-de-lamerique-catalog\/","og_locale":"en_US","og_type":"article","og_title":"Marilyn Monroe : Le secret de l'Am\u00e9rique","og_description":"Le Catalogue Marilyn Monroe : Le secret de l'Am\u00e9rique \u00e0 retrouver \u00e0 l'achat exclusivement sur Maison Templar","og_url":"https:\/\/maison-templar.com\/en\/product-2\/marilyn-monroe-le-secret-de-lamerique-catalog\/","og_site_name":"Maison Templar","article_publisher":"https:\/\/www.facebook.com\/Maison-Templar-103328858940286","article_modified_time":"2026-04-11T13:39:24+00:00","og_image":[{"width":1024,"height":1024,"url":"https:\/\/maison-templar.com\/wp-content\/uploads\/2025\/11\/Image-2.png","type":"image\/png"}],"twitter_card":"summary_large_image","twitter_misc":{"Est. reading time":"2 minutes"},"schema":{"@context":"https:\/\/schema.org","@graph":[{"@type":["WebPage","SearchResultsPage"],"@id":"https:\/\/maison-templar.com\/produit\/le-catalogue-marilyn-monroe-le-secret-de-lamerique\/","url":"https:\/\/maison-templar.com\/produit\/le-catalogue-marilyn-monroe-le-secret-de-lamerique\/","name":"Marilyn Monroe: America's Secret","isPartOf":{"@id":"https:\/\/maison-templar.com\/#website"},"primaryImageOfPage":{"@id":"https:\/\/maison-templar.com\/produit\/le-catalogue-marilyn-monroe-le-secret-de-lamerique\/#primaryimage"},"image":{"@id":"https:\/\/maison-templar.com\/produit\/le-catalogue-marilyn-monroe-le-secret-de-lamerique\/#primaryimage"},"thumbnailUrl":"https:\/\/maison-templar.com\/wp-content\/uploads\/2025\/11\/Image-2.png","datePublished":"2025-11-27T12:13:01+00:00","dateModified":"2026-04-11T13:39:24+00:00","description":"The Marilyn Monroe: America's Secret catalog available to buy exclusively from Maison Templar","breadcrumb":{"@id":"https:\/\/maison-templar.com\/produit\/le-catalogue-marilyn-monroe-le-secret-de-lamerique\/#breadcrumb"},"inLanguage":"en-US","potentialAction":[{"@type":"ReadAction","target":["https:\/\/maison-templar.com\/produit\/le-catalogue-marilyn-monroe-le-secret-de-lamerique\/"]}]},{"@type":"ImageObject","inLanguage":"en-US","@id":"https:\/\/maison-templar.com\/produit\/le-catalogue-marilyn-monroe-le-secret-de-lamerique\/#primaryimage","url":"https:\/\/maison-templar.com\/wp-content\/uploads\/2025\/11\/Image-2.png","contentUrl":"https:\/\/maison-templar.com\/wp-content\/uploads\/2025\/11\/Image-2.png","width":1024,"height":1024},{"@type":"BreadcrumbList","@id":"https:\/\/maison-templar.com\/produit\/le-catalogue-marilyn-monroe-le-secret-de-lamerique\/#breadcrumb","itemListElement":[{"@type":"ListItem","position":1,"name":"Accueil","item":"https:\/\/maison-templar.com\/"},{"@type":"ListItem","position":2,"name":"Toutes nos collections","item":"https:\/\/maison-templar.com\/toutes-nos-collections\/"},{"@type":"ListItem","position":3,"name":"Marilyn Monroe : Le secret de l&#8217;Am\u00e9rique"}]},{"@type":"WebSite","@id":"https:\/\/maison-templar.com\/#website","url":"https:\/\/maison-templar.com\/","name":"Maison Templar","description":"Sumptuous Collector's Boxes with ultra-limited edition","publisher":{"@id":"https:\/\/maison-templar.com\/#organization"},"potentialAction":[{"@type":"SearchAction","target":{"@type":"EntryPoint","urlTemplate":"https:\/\/maison-templar.com\/?s={search_term_string}"},"query-input":{"@type":"PropertyValueSpecification","valueRequired":true,"valueName":"search_term_string"}}],"inLanguage":"en-US"},{"@type":"Organization","@id":"https:\/\/maison-templar.com\/#organization","name":"Maison Templar","url":"https:\/\/maison-templar.com\/","logo":{"@type":"ImageObject","inLanguage":"en-US","@id":"https:\/\/maison-templar.com\/#\/schema\/logo\/image\/","url":"https:\/\/maison-templar.com\/wp-content\/uploads\/2022\/03\/Logo-Maison-Templar-Noir.png","contentUrl":"https:\/\/maison-templar.com\/wp-content\/uploads\/2022\/03\/Logo-Maison-Templar-Noir.png","width":2020,"height":340,"caption":"Maison Templar"},"image":{"@id":"https:\/\/maison-templar.com\/#\/schema\/logo\/image\/"},"sameAs":["https:\/\/www.facebook.com\/Maison-Templar-103328858940286","https:\/\/www.instagram.com\/maison_templar_\/","https:\/\/www.linkedin.com\/company\/maison-templar-presse\/about\/"]}]}},"_links":{"self":[{"href":"https:\/\/maison-templar.com\/en\/wp-json\/wp\/v2\/product\/929","targetHints":{"allow":["GET"]}}],"collection":[{"href":"https:\/\/maison-templar.com\/en\/wp-json\/wp\/v2\/product"}],"about":[{"href":"https:\/\/maison-templar.com\/en\/wp-json\/wp\/v2\/types\/product"}],"wp:featuredmedia":[{"embeddable":true,"href":"https:\/\/maison-templar.com\/en\/wp-json\/wp\/v2\/media\/3274"}],"wp:attachment":[{"href":"https:\/\/maison-templar.com\/en\/wp-json\/wp\/v2\/media?parent=929"}],"wp:term":[{"taxonomy":"product_brand","embeddable":true,"href":"https:\/\/maison-templar.com\/en\/wp-json\/wp\/v2\/product_brand?post=929"},{"taxonomy":"product_cat","embeddable":true,"href":"https:\/\/maison-templar.com\/en\/wp-json\/wp\/v2\/product_cat?post=929"},{"taxonomy":"product_tag","embeddable":true,"href":"https:\/\/maison-templar.com\/en\/wp-json\/wp\/v2\/product_tag?post=929"}],"curies":[{"name":"wp","href":"https:\/\/api.w.org\/{rel}","templated":true}]}}