{"id":970,"date":"2025-11-27T10:44:34","date_gmt":"2025-11-27T10:44:34","guid":{"rendered":"https:\/\/maison-templar.com\/?post_type=product&#038;p=970"},"modified":"2026-04-11T13:40:31","modified_gmt":"2026-04-11T13:40:31","slug":"ben-hogan-ma-vie","status":"publish","type":"product","link":"https:\/\/maison-templar.com\/en\/product-2\/ben-hogan-ma-vie\/","title":{"rendered":"Ben Hogan, C\u2019est La Vie (FR\/EN)"},"content":{"rendered":"<p>A magnificent album of over 200 photographs with commentary by David Lawrence, retracing the destiny of this great golfing legend.<\/p>\n<p>Foreword by Chuck Cook.<br \/>\nFormat 22 x 31 cm<\/p>\n<p>Number of pages: 596<\/p>\n<p>weight: 3.5 kg<\/p>\n<p>Prefaced by Chuck Cook<br \/>\nFormat: 21 x 29.5 cm<br \/>\n596 pages<\/p>\n<p>more than 200 photos commented by David Lawrence.<\/p>","protected":false},"excerpt":{"rendered":"<div dir=\"ltr\" data-setdir=\"false\" data-olk-copy-source=\"MessageBody\">Ben Hogan That's Life!<\/div>\n<div dir=\"ltr\" data-setdir=\"false\">Foreword by Chuck Cook<\/div>\n<div dir=\"ltr\" data-setdir=\"false\">Format: 21 x 29.5 cm<\/div>\n<div dir=\"ltr\" data-setdir=\"false\">596 pages<\/div>\n<div dir=\"ltr\" data-setdir=\"false\">about 3 kilos<\/div>\n<div dir=\"ltr\" data-setdir=\"false\">over 200 photos with commentary by David Lawrence .<\/div>\n<div dir=\"ltr\" data-setdir=\"false\"><\/div>\n<div dir=\"ltr\" data-setdir=\"false\">Prefaced by Chuck Cook<br \/>\nFormat: 21 x 29.5 cm<br \/>\n596 pages<br \/>\nabout 3 kilos<br \/>\nmore than 200 photos commented by David Lawrence.<\/div>","protected":false},"featured_media":3166,"template":"","meta":{"_monsterinsights_skip_tracking":false,"_monsterinsights_sitenote_active":false,"_monsterinsights_sitenote_note":"","_monsterinsights_sitenote_category":0},"product_brand":[],"product_cat":[18],"product_tag":[],"class_list":{"0":"post-970","1":"product","2":"type-product","3":"status-publish","4":"has-post-thumbnail","6":"product_cat-livres","8":"first","9":"outofstock","10":"taxable","11":"shipping-taxable","12":"purchasable","13":"product-type-simple","14":"czr-hentry"},"yoast_head":"<!-- This site is optimized with the Yoast SEO plugin v27.3 - https:\/\/yoast.com\/product\/yoast-seo-wordpress\/ -->\n<title>Ben Hogan, C&#039;est La Vie (FR\/EN) &#8226; Maison Templar<\/title>\n<meta name=\"robots\" content=\"index, follow, max-snippet:-1, max-image-preview:large, max-video-preview:-1\" \/>\n<link rel=\"canonical\" href=\"https:\/\/maison-templar.com\/en\/product-2\/ben-hogan-ma-vie\/\" \/>\n<meta property=\"og:locale\" content=\"en_US\" \/>\n<meta property=\"og:type\" content=\"article\" \/>\n<meta property=\"og:title\" content=\"Ben Hogan, C&#039;est La Vie (FR\/EN) &#8226; Maison Templar\" \/>\n<meta property=\"og:description\" content=\"Ben Hogan That&#039;s Life! Pr\u00e9fac\u00e9 par Chuck Cook Format : 21 x 29,5 cm 596 pages environ 3 kilos plus de 200 photos comment\u00e9es par David Lawrence .  Prefaced by Chuck Cook Format: 21 x 29.5 cm 596 pages about 3 kilos more than 200 photos commented by David Lawrence.\" \/>\n<meta property=\"og:url\" content=\"https:\/\/maison-templar.com\/en\/product-2\/ben-hogan-ma-vie\/\" \/>\n<meta property=\"og:site_name\" content=\"Maison Templar\" \/>\n<meta property=\"article:publisher\" content=\"https:\/\/www.facebook.com\/Maison-Templar-103328858940286\" \/>\n<meta property=\"article:modified_time\" content=\"2026-04-11T13:40:31+00:00\" \/>\n<meta property=\"og:image\" content=\"https:\/\/maison-templar.com\/wp-content\/uploads\/2025\/11\/Livre-Beng-Hogan.png\" \/>\n\t<meta property=\"og:image:width\" content=\"1280\" \/>\n\t<meta property=\"og:image:height\" content=\"1280\" \/>\n\t<meta property=\"og:image:type\" content=\"image\/png\" \/>\n<meta name=\"twitter:card\" content=\"summary_large_image\" \/>\n<meta name=\"twitter:label1\" content=\"Est. reading time\" \/>\n\t<meta name=\"twitter:data1\" content=\"1 minute\" \/>\n<script type=\"application\/ld+json\" class=\"yoast-schema-graph\">{\"@context\":\"https:\\\/\\\/schema.org\",\"@graph\":[{\"@type\":[\"WebPage\",\"SearchResultsPage\"],\"@id\":\"https:\\\/\\\/maison-templar.com\\\/produit\\\/ben-hogan-ma-vie\\\/\",\"url\":\"https:\\\/\\\/maison-templar.com\\\/produit\\\/ben-hogan-ma-vie\\\/\",\"name\":\"Ben Hogan, C'est La Vie (FR\\\/EN) &#8226; Maison Templar\",\"isPartOf\":{\"@id\":\"https:\\\/\\\/maison-templar.com\\\/#website\"},\"primaryImageOfPage\":{\"@id\":\"https:\\\/\\\/maison-templar.com\\\/produit\\\/ben-hogan-ma-vie\\\/#primaryimage\"},\"image\":{\"@id\":\"https:\\\/\\\/maison-templar.com\\\/produit\\\/ben-hogan-ma-vie\\\/#primaryimage\"},\"thumbnailUrl\":\"https:\\\/\\\/maison-templar.com\\\/wp-content\\\/uploads\\\/2025\\\/11\\\/Livre-Beng-Hogan.png\",\"datePublished\":\"2025-11-27T10:44:34+00:00\",\"dateModified\":\"2026-04-11T13:40:31+00:00\",\"breadcrumb\":{\"@id\":\"https:\\\/\\\/maison-templar.com\\\/produit\\\/ben-hogan-ma-vie\\\/#breadcrumb\"},\"inLanguage\":\"en-US\",\"potentialAction\":[{\"@type\":\"ReadAction\",\"target\":[\"https:\\\/\\\/maison-templar.com\\\/produit\\\/ben-hogan-ma-vie\\\/\"]}]},{\"@type\":\"ImageObject\",\"inLanguage\":\"en-US\",\"@id\":\"https:\\\/\\\/maison-templar.com\\\/produit\\\/ben-hogan-ma-vie\\\/#primaryimage\",\"url\":\"https:\\\/\\\/maison-templar.com\\\/wp-content\\\/uploads\\\/2025\\\/11\\\/Livre-Beng-Hogan.png\",\"contentUrl\":\"https:\\\/\\\/maison-templar.com\\\/wp-content\\\/uploads\\\/2025\\\/11\\\/Livre-Beng-Hogan.png\",\"width\":1280,\"height\":1280},{\"@type\":\"BreadcrumbList\",\"@id\":\"https:\\\/\\\/maison-templar.com\\\/produit\\\/ben-hogan-ma-vie\\\/#breadcrumb\",\"itemListElement\":[{\"@type\":\"ListItem\",\"position\":1,\"name\":\"Accueil\",\"item\":\"https:\\\/\\\/maison-templar.com\\\/\"},{\"@type\":\"ListItem\",\"position\":2,\"name\":\"Toutes nos collections\",\"item\":\"https:\\\/\\\/maison-templar.com\\\/toutes-nos-collections\\\/\"},{\"@type\":\"ListItem\",\"position\":3,\"name\":\"Ben Hogan, C&#8217;est La Vie (FR\\\/EN)\"}]},{\"@type\":\"WebSite\",\"@id\":\"https:\\\/\\\/maison-templar.com\\\/#website\",\"url\":\"https:\\\/\\\/maison-templar.com\\\/\",\"name\":\"Maison Templar\",\"description\":\"Somptueux coffrets Collector \u00e0 tirage ultra-limit\u00e9s\",\"publisher\":{\"@id\":\"https:\\\/\\\/maison-templar.com\\\/#organization\"},\"potentialAction\":[{\"@type\":\"SearchAction\",\"target\":{\"@type\":\"EntryPoint\",\"urlTemplate\":\"https:\\\/\\\/maison-templar.com\\\/?s={search_term_string}\"},\"query-input\":{\"@type\":\"PropertyValueSpecification\",\"valueRequired\":true,\"valueName\":\"search_term_string\"}}],\"inLanguage\":\"en-US\"},{\"@type\":\"Organization\",\"@id\":\"https:\\\/\\\/maison-templar.com\\\/#organization\",\"name\":\"Maison Templar\",\"url\":\"https:\\\/\\\/maison-templar.com\\\/\",\"logo\":{\"@type\":\"ImageObject\",\"inLanguage\":\"en-US\",\"@id\":\"https:\\\/\\\/maison-templar.com\\\/#\\\/schema\\\/logo\\\/image\\\/\",\"url\":\"https:\\\/\\\/maison-templar.com\\\/wp-content\\\/uploads\\\/2022\\\/03\\\/Logo-Maison-Templar-Noir.png\",\"contentUrl\":\"https:\\\/\\\/maison-templar.com\\\/wp-content\\\/uploads\\\/2022\\\/03\\\/Logo-Maison-Templar-Noir.png\",\"width\":2020,\"height\":340,\"caption\":\"Maison Templar\"},\"image\":{\"@id\":\"https:\\\/\\\/maison-templar.com\\\/#\\\/schema\\\/logo\\\/image\\\/\"},\"sameAs\":[\"https:\\\/\\\/www.facebook.com\\\/Maison-Templar-103328858940286\",\"https:\\\/\\\/www.instagram.com\\\/maison_templar_\\\/\",\"https:\\\/\\\/www.linkedin.com\\\/company\\\/maison-templar-presse\\\/about\\\/\"]}]}<\/script>\n<!-- \/ Yoast SEO plugin. -->","yoast_head_json":{"title":"Ben Hogan, C'est La Vie (FR\/EN) \u2022 Maison Templar","robots":{"index":"index","follow":"follow","max-snippet":"max-snippet:-1","max-image-preview":"max-image-preview:large","max-video-preview":"max-video-preview:-1"},"canonical":"https:\/\/maison-templar.com\/en\/product-2\/ben-hogan-ma-vie\/","og_locale":"en_US","og_type":"article","og_title":"Ben Hogan, C'est La Vie (FR\/EN) &#8226; Maison Templar","og_description":"Ben Hogan That's Life! Pr\u00e9fac\u00e9 par Chuck Cook Format : 21 x 29,5 cm 596 pages environ 3 kilos plus de 200 photos comment\u00e9es par David Lawrence .  Prefaced by Chuck Cook Format: 21 x 29.5 cm 596 pages about 3 kilos more than 200 photos commented by David Lawrence.","og_url":"https:\/\/maison-templar.com\/en\/product-2\/ben-hogan-ma-vie\/","og_site_name":"Maison Templar","article_publisher":"https:\/\/www.facebook.com\/Maison-Templar-103328858940286","article_modified_time":"2026-04-11T13:40:31+00:00","og_image":[{"width":1280,"height":1280,"url":"https:\/\/maison-templar.com\/wp-content\/uploads\/2025\/11\/Livre-Beng-Hogan.png","type":"image\/png"}],"twitter_card":"summary_large_image","twitter_misc":{"Est. reading time":"1 minute"},"schema":{"@context":"https:\/\/schema.org","@graph":[{"@type":["WebPage","SearchResultsPage"],"@id":"https:\/\/maison-templar.com\/produit\/ben-hogan-ma-vie\/","url":"https:\/\/maison-templar.com\/produit\/ben-hogan-ma-vie\/","name":"Ben Hogan, C'est La Vie (FR\/EN) \u2022 Maison Templar","isPartOf":{"@id":"https:\/\/maison-templar.com\/#website"},"primaryImageOfPage":{"@id":"https:\/\/maison-templar.com\/produit\/ben-hogan-ma-vie\/#primaryimage"},"image":{"@id":"https:\/\/maison-templar.com\/produit\/ben-hogan-ma-vie\/#primaryimage"},"thumbnailUrl":"https:\/\/maison-templar.com\/wp-content\/uploads\/2025\/11\/Livre-Beng-Hogan.png","datePublished":"2025-11-27T10:44:34+00:00","dateModified":"2026-04-11T13:40:31+00:00","breadcrumb":{"@id":"https:\/\/maison-templar.com\/produit\/ben-hogan-ma-vie\/#breadcrumb"},"inLanguage":"en-US","potentialAction":[{"@type":"ReadAction","target":["https:\/\/maison-templar.com\/produit\/ben-hogan-ma-vie\/"]}]},{"@type":"ImageObject","inLanguage":"en-US","@id":"https:\/\/maison-templar.com\/produit\/ben-hogan-ma-vie\/#primaryimage","url":"https:\/\/maison-templar.com\/wp-content\/uploads\/2025\/11\/Livre-Beng-Hogan.png","contentUrl":"https:\/\/maison-templar.com\/wp-content\/uploads\/2025\/11\/Livre-Beng-Hogan.png","width":1280,"height":1280},{"@type":"BreadcrumbList","@id":"https:\/\/maison-templar.com\/produit\/ben-hogan-ma-vie\/#breadcrumb","itemListElement":[{"@type":"ListItem","position":1,"name":"Accueil","item":"https:\/\/maison-templar.com\/"},{"@type":"ListItem","position":2,"name":"Toutes nos collections","item":"https:\/\/maison-templar.com\/toutes-nos-collections\/"},{"@type":"ListItem","position":3,"name":"Ben Hogan, C&#8217;est La Vie (FR\/EN)"}]},{"@type":"WebSite","@id":"https:\/\/maison-templar.com\/#website","url":"https:\/\/maison-templar.com\/","name":"Maison Templar","description":"Sumptuous Collector's Boxes with ultra-limited edition","publisher":{"@id":"https:\/\/maison-templar.com\/#organization"},"potentialAction":[{"@type":"SearchAction","target":{"@type":"EntryPoint","urlTemplate":"https:\/\/maison-templar.com\/?s={search_term_string}"},"query-input":{"@type":"PropertyValueSpecification","valueRequired":true,"valueName":"search_term_string"}}],"inLanguage":"en-US"},{"@type":"Organization","@id":"https:\/\/maison-templar.com\/#organization","name":"Maison Templar","url":"https:\/\/maison-templar.com\/","logo":{"@type":"ImageObject","inLanguage":"en-US","@id":"https:\/\/maison-templar.com\/#\/schema\/logo\/image\/","url":"https:\/\/maison-templar.com\/wp-content\/uploads\/2022\/03\/Logo-Maison-Templar-Noir.png","contentUrl":"https:\/\/maison-templar.com\/wp-content\/uploads\/2022\/03\/Logo-Maison-Templar-Noir.png","width":2020,"height":340,"caption":"Maison Templar"},"image":{"@id":"https:\/\/maison-templar.com\/#\/schema\/logo\/image\/"},"sameAs":["https:\/\/www.facebook.com\/Maison-Templar-103328858940286","https:\/\/www.instagram.com\/maison_templar_\/","https:\/\/www.linkedin.com\/company\/maison-templar-presse\/about\/"]}]}},"_links":{"self":[{"href":"https:\/\/maison-templar.com\/en\/wp-json\/wp\/v2\/product\/970","targetHints":{"allow":["GET"]}}],"collection":[{"href":"https:\/\/maison-templar.com\/en\/wp-json\/wp\/v2\/product"}],"about":[{"href":"https:\/\/maison-templar.com\/en\/wp-json\/wp\/v2\/types\/product"}],"wp:featuredmedia":[{"embeddable":true,"href":"https:\/\/maison-templar.com\/en\/wp-json\/wp\/v2\/media\/3166"}],"wp:attachment":[{"href":"https:\/\/maison-templar.com\/en\/wp-json\/wp\/v2\/media?parent=970"}],"wp:term":[{"taxonomy":"product_brand","embeddable":true,"href":"https:\/\/maison-templar.com\/en\/wp-json\/wp\/v2\/product_brand?post=970"},{"taxonomy":"product_cat","embeddable":true,"href":"https:\/\/maison-templar.com\/en\/wp-json\/wp\/v2\/product_cat?post=970"},{"taxonomy":"product_tag","embeddable":true,"href":"https:\/\/maison-templar.com\/en\/wp-json\/wp\/v2\/product_tag?post=970"}],"curies":[{"name":"wp","href":"https:\/\/api.w.org\/{rel}","templated":true}]}}